{"id":59,"date":"2025-08-26T22:32:21","date_gmt":"2025-08-26T22:32:21","guid":{"rendered":"https:\/\/liquidstone.mx\/?page_id=59"},"modified":"2025-08-27T18:03:54","modified_gmt":"2025-08-27T18:03:54","slug":"pisos-para-el-hogar-y-oficina","status":"publish","type":"page","link":"https:\/\/liquidstone.mx\/","title":{"rendered":"Pisos para el Hogar y Oficina"},"content":{"rendered":"<div class=\"wpb-content-wrapper\"><p>[vc_row full_width=&#8221;stretch_row_content_no_spaces&#8221; content_placement=&#8221;middle&#8221; css=&#8221;.vc_custom_1756247580516{background-image: url(https:\/\/liquidstone.mx\/wp-content\/uploads\/2025\/08\/preskom-fondo-textura1.jpg?id=60) !important;background-position: center !important;background-repeat: no-repeat !important;background-size: cover !important;}&#8221;][vc_column width=&#8221;1\/2&#8243;][vc_row_inner][vc_column_inner width=&#8221;1\/6&#8243;][\/vc_column_inner][vc_column_inner width=&#8221;2\/3&#8243;][vc_column_text css=&#8221;&#8221;]<img decoding=\"async\" class=\"size-medium wp-image-77 aligncenter\" src=\"https:\/\/liquidstone.mx\/wp-content\/uploads\/2025\/08\/liquidstone-logo-blanco-1-300x84.png\" alt=\"\" width=\"300\" height=\"84\" srcset=\"https:\/\/liquidstone.mx\/wp-content\/uploads\/2025\/08\/liquidstone-logo-blanco-1-300x84.png 300w, https:\/\/liquidstone.mx\/wp-content\/uploads\/2025\/08\/liquidstone-logo-blanco-1.png 639w\" sizes=\"(max-width: 300px) 100vw, 300px\" \/>[\/vc_column_text][vc_custom_heading text=&#8221;Pisos Ep\u00f3xicos que Transforman tu Espacio en una Obra de Arte&#8221; font_container=&#8221;tag:h2|text_align:left|color:%23FFFFFF&#8221; google_fonts=&#8221;font_family:Montserrat%3Aregular%2C700|font_style:700%20bold%20regular%3A700%3Anormal&#8221; css=&#8221;&#8221;][vc_column_text css=&#8221;&#8221;]<strong><span style=\"color: #ffffff;\">Dise\u00f1os personalizados con colores met\u00e1licos, hojuelas y acabados de lujo para hogares \u00fanicos.<\/span><\/strong>[\/vc_column_text][vc_btn title=&#8221;\u00a1Cotiza tu Proyecto Ahora!&#8221; style=&#8221;classic&#8221; shape=&#8221;round&#8221; color=&#8221;blue&#8221; css=&#8221;&#8221; link=&#8221;url:mailto%3Acontacto%40liquidstone.mx&#8221;][\/vc_column_inner][vc_column_inner width=&#8221;1\/6&#8243;][\/vc_column_inner][\/vc_row_inner][\/vc_column][vc_column width=&#8221;1\/2&#8243;][vc_single_image image=&#8221;74&#8243; img_size=&#8221;full&#8221; alignment=&#8221;center&#8221; css=&#8221;&#8221;][\/vc_column][\/vc_row][vc_row full_width=&#8221;stretch_row_content_no_spaces&#8221;][vc_column width=&#8221;1\/6&#8243;][\/vc_column][vc_column width=&#8221;2\/3&#8243;][vc_custom_heading text=&#8221;Ventajas de Elegir LiquidStone&#8221; font_container=&#8221;tag:h2|font_size:42|text_align:center|color:%235E5959&#8243; google_fonts=&#8221;font_family:Montserrat%3Aregular%2C700|font_style:400%20regular%3A400%3Anormal&#8221; css=&#8221;&#8221;][vc_row_inner equal_height=&#8221;yes&#8221; gap=&#8221;5&#8243;][vc_column_inner width=&#8221;1\/4&#8243; css=&#8221;.vc_custom_1756248626967{background-color: #4D5154 !important;}&#8221;][vc_column_text css=&#8221;&#8221;]<\/p>\n<div class=\"et_pb_module et_pb_text et_pb_text_1 et_pb_text_align_center et_pb_bg_layout_light\">\n<div class=\"et_pb_text_inner\">\n<h4 style=\"text-align: center;\"><span style=\"color: #ffffff;\">Durabilidad<\/span><\/h4>\n<\/div>\n<\/div>\n<div class=\"et_pb_module et_pb_text et_pb_text_2 et_pb_text_align_center et_pb_bg_layout_light\">\n<div class=\"et_pb_text_inner\">\n<p style=\"text-align: center;\"><span style=\"color: #ffffff;\">Resistente a qu\u00edmicos, manchas y abrasi\u00f3n.<\/span><\/p>\n<\/div>\n<\/div>\n<p>[\/vc_column_text][\/vc_column_inner][vc_column_inner width=&#8221;1\/4&#8243; css=&#8221;.vc_custom_1756248633295{background-color: #4D5154 !important;}&#8221;][vc_column_text css=&#8221;&#8221;]<\/p>\n<div class=\"et_pb_module et_pb_text et_pb_text_1 et_pb_text_align_center et_pb_bg_layout_light\">\n<div class=\"et_pb_text_inner\">\n<div class=\"et_pb_module et_pb_text et_pb_text_3 et_pb_text_align_center et_pb_bg_layout_light\">\n<div class=\"et_pb_text_inner\">\n<h4 style=\"text-align: center;\"><span style=\"color: #ffffff;\">Personalizaci\u00f3n ilimitada<\/span><\/h4>\n<\/div>\n<\/div>\n<div class=\"et_pb_module et_pb_text et_pb_text_4 et_pb_text_align_center et_pb_bg_layout_light\">\n<div class=\"et_pb_text_inner\">\n<p style=\"text-align: center;\"><span style=\"color: #ffffff;\">Colores met\u00e1licos, hojuelas y efectos 3D.<\/span><\/p>\n<\/div>\n<\/div>\n<\/div>\n<\/div>\n<p>[\/vc_column_text][\/vc_column_inner][vc_column_inner width=&#8221;1\/4&#8243; css=&#8221;.vc_custom_1756248640686{background-color: #4D5154 !important;}&#8221;][vc_column_text css=&#8221;&#8221;]<\/p>\n<div class=\"et_pb_module et_pb_text et_pb_text_5 et_pb_text_align_center et_pb_bg_layout_light\">\n<div class=\"et_pb_text_inner\">\n<h4 style=\"text-align: center;\"><span style=\"color: #ffffff;\">F\u00e1cil mantenimiento<\/span><\/h4>\n<\/div>\n<\/div>\n<div class=\"et_pb_module et_pb_text et_pb_text_6 et_pb_text_align_center et_pb_bg_layout_light\">\n<div class=\"et_pb_text_inner\">\n<p style=\"text-align: center;\"><span style=\"color: #ffffff;\">Superficie lisa que repele el polvo y la suciedad.<\/span><\/p>\n<\/div>\n<\/div>\n<p>[\/vc_column_text][\/vc_column_inner][vc_column_inner width=&#8221;1\/4&#8243; css=&#8221;.vc_custom_1756248646558{background-color: #4D5154 !important;}&#8221;][vc_column_text css=&#8221;&#8221;]<\/p>\n<div class=\"et_pb_module et_pb_text et_pb_text_7 et_pb_text_align_center et_pb_bg_layout_light\">\n<div class=\"et_pb_text_inner\">\n<h4 style=\"text-align: center;\"><span style=\"color: #ffffff;\">Instalaci\u00f3n<\/span><\/h4>\n<\/div>\n<\/div>\n<div class=\"et_pb_module et_pb_text et_pb_text_8 et_pb_text_align_center et_pb_bg_layout_light\">\n<div class=\"et_pb_text_inner\">\n<p style=\"text-align: center;\"><span style=\"color: #ffffff;\">R\u00e1pida y profesional.<\/span><\/p>\n<p>&nbsp;<\/p>\n<\/div>\n<\/div>\n<p>[\/vc_column_text][\/vc_column_inner][\/vc_row_inner][vc_empty_space][\/vc_column][vc_column width=&#8221;1\/6&#8243;][\/vc_column][\/vc_row][vc_row full_width=&#8221;stretch_row_content_no_spaces&#8221; content_placement=&#8221;middle&#8221; css=&#8221;.vc_custom_1756247594221{background-image: url(https:\/\/liquidstone.mx\/wp-content\/uploads\/2025\/08\/preskom-fondo-textura3.jpg?id=61) !important;background-position: center !important;background-repeat: no-repeat !important;background-size: cover !important;}&#8221;][vc_column width=&#8221;1\/6&#8243;][\/vc_column][vc_column width=&#8221;2\/3&#8243;][vc_row_inner][vc_column_inner width=&#8221;1\/2&#8243;][vc_custom_heading text=&#8221;Nuestros Trabajos<br \/>\nHablan por Nosotros&#8221; font_container=&#8221;tag:h2|font_size:42|text_align:left|color:%23FFFFFF&#8221; google_fonts=&#8221;font_family:Montserrat%3Aregular%2C700|font_style:700%20bold%20regular%3A700%3Anormal&#8221; css=&#8221;&#8221;][vc_column_text css=&#8221;&#8221;]<\/p>\n<div class=\"et_pb_module et_pb_text et_pb_text_10 et_pb_text_align_left et_pb_bg_layout_light\">\n<div class=\"et_pb_text_inner\"><strong><span style=\"color: #ffffff;\">Cada proyecto que realizamos es un reflejo de nuestro compromiso con la calidad, la eficiencia y la est\u00e9tica. M\u00e1s que obras, creamos soluciones que transforman espacios y generan valor.<\/span><\/strong><\/div>\n<\/div>\n<p>[\/vc_column_text][vc_single_image image=&#8221;62&#8243; img_size=&#8221;full&#8221; alignment=&#8221;center&#8221; css=&#8221;&#8221;][vc_btn title=&#8221;Contactanos&#8221; style=&#8221;classic&#8221; shape=&#8221;round&#8221; color=&#8221;white&#8221; css=&#8221;&#8221; link=&#8221;url:mailto%3Acontacto%40liquidstone.mx&#8221;][\/vc_column_inner][vc_column_inner width=&#8221;1\/2&#8243;][vc_single_image image=&#8221;63&#8243; img_size=&#8221;80&#215;86&#8243; css=&#8221;&#8221;][vc_column_text css=&#8221;&#8221;]<\/p>\n<h5><span style=\"color: #ffffff;\">Piso met\u00e1lico dorado en sala.<\/span><\/h5>\n<p>[\/vc_column_text][vc_single_image image=&#8221;64&#8243; img_size=&#8221;80&#215;86&#8243; css=&#8221;&#8221;][vc_column_text css=&#8221;&#8221;]<\/p>\n<h5><span style=\"color: #ffffff;\">Piso con hojuelas multicolor en cocina.<\/span><\/h5>\n<p>[\/vc_column_text][vc_single_image image=&#8221;65&#8243; img_size=&#8221;80&#215;86&#8243; css=&#8221;&#8221;][vc_column_text css=&#8221;&#8221;]<\/p>\n<h5><span style=\"color: #ffffff;\">Efecto m\u00e1rmol ep\u00f3xico en ba\u00f1o.<\/span><\/h5>\n<p>[\/vc_column_text][vc_single_image image=&#8221;66&#8243; img_size=&#8221;80&#215;86&#8243; css=&#8221;&#8221;][vc_column_text css=&#8221;&#8221;]<\/p>\n<h5><span style=\"color: #ffffff;\">Acabado brillante en garaje.<\/span><\/h5>\n<p>[\/vc_column_text][\/vc_column_inner][\/vc_row_inner][\/vc_column][vc_column width=&#8221;1\/6&#8243;][\/vc_column][\/vc_row][vc_row full_width=&#8221;stretch_row_content_no_spaces&#8221; css=&#8221;.vc_custom_1756247602895{background-color: #061E34 !important;}&#8221;][vc_column][vc_custom_heading text=&#8221;\u00bfC\u00f3mo Lo Hacemos?&#8221; font_container=&#8221;tag:h2|font_size:42|text_align:center|color:%23FFFFFF&#8221; google_fonts=&#8221;font_family:Montserrat%3Aregular%2C700|font_style:400%20regular%3A400%3Anormal&#8221; css=&#8221;&#8221;][vc_column_text css=&#8221;&#8221;]<\/p>\n<p style=\"text-align: center;\"><span style=\"color: #ffffff;\">Desde la planificaci\u00f3n hasta la entrega, cuidamos cada paso. Combinamos experiencia, materiales de calidad y supervisi\u00f3n constante para asegurar que cada proyecto cumpla con los m\u00e1s altos est\u00e1ndares.<\/span><\/p>\n<p>[\/vc_column_text][vc_row_inner][vc_column_inner width=&#8221;1\/4&#8243;][vc_single_image image=&#8221;67&#8243; img_size=&#8221;full&#8221; alignment=&#8221;center&#8221; style=&#8221;vc_box_rounded&#8221; css=&#8221;&#8221;][vc_column_text css=&#8221;&#8221;]<\/p>\n<div class=\"et_pb_module et_pb_text et_pb_text_17 et_pb_text_align_center et_pb_bg_layout_light\">\n<div class=\"et_pb_text_inner\">\n<h4 style=\"text-align: center;\"><span style=\"color: #ffffff;\">Consulta y Dise\u00f1o<\/span><\/h4>\n<\/div>\n<\/div>\n<div class=\"et_pb_module et_pb_text et_pb_text_18 et_pb_text_align_center et_pb_bg_layout_light\">\n<div class=\"et_pb_text_inner\" style=\"text-align: center;\"><span style=\"color: #ffffff;\">Asesor\u00eda gratuita<\/span><\/div>\n<\/div>\n<p>[\/vc_column_text][\/vc_column_inner][vc_column_inner width=&#8221;1\/4&#8243;][vc_single_image image=&#8221;68&#8243; img_size=&#8221;full&#8221; alignment=&#8221;center&#8221; style=&#8221;vc_box_rounded&#8221; css=&#8221;&#8221;][vc_column_text css=&#8221;&#8221;]<\/p>\n<div class=\"et_pb_module et_pb_text et_pb_text_17 et_pb_text_align_center et_pb_bg_layout_light\">\n<div class=\"et_pb_text_inner\">\n<div class=\"et_pb_module et_pb_text et_pb_text_19 et_pb_text_align_center et_pb_bg_layout_light\">\n<div class=\"et_pb_text_inner\">\n<h4 style=\"text-align: center;\"><span style=\"color: #ffffff;\">Preparaci\u00f3n de Superficie<\/span><\/h4>\n<\/div>\n<\/div>\n<div class=\"et_pb_module et_pb_text et_pb_text_20 et_pb_text_align_center et_pb_bg_layout_light\">\n<div class=\"et_pb_text_inner\" style=\"text-align: center;\"><span style=\"color: #ffffff;\">Lijado y nivelaci\u00f3n<\/span><\/div>\n<\/div>\n<\/div>\n<\/div>\n<p>[\/vc_column_text][\/vc_column_inner][vc_column_inner width=&#8221;1\/4&#8243;][vc_single_image image=&#8221;69&#8243; img_size=&#8221;full&#8221; alignment=&#8221;center&#8221; style=&#8221;vc_box_rounded&#8221; css=&#8221;&#8221;][vc_column_text css=&#8221;&#8221;]<\/p>\n<div class=\"et_pb_module et_pb_text et_pb_text_17 et_pb_text_align_center et_pb_bg_layout_light\">\n<div class=\"et_pb_text_inner\">\n<div class=\"et_pb_module et_pb_text et_pb_text_19 et_pb_text_align_center et_pb_bg_layout_light\">\n<div class=\"et_pb_text_inner\">\n<div class=\"et_pb_module et_pb_text et_pb_text_21 et_pb_text_align_center et_pb_bg_layout_light\">\n<div class=\"et_pb_text_inner\">\n<h4 style=\"text-align: center;\"><span style=\"color: #ffffff;\">Aplicaci\u00f3n de Epoxi<\/span><\/h4>\n<\/div>\n<\/div>\n<div class=\"et_pb_module et_pb_text et_pb_text_22 et_pb_text_align_center et_pb_bg_layout_light\">\n<div class=\"et_pb_text_inner\" style=\"text-align: center;\"><span style=\"color: #ffffff;\">Colores personalizados<\/span><\/div>\n<\/div>\n<\/div>\n<\/div>\n<\/div>\n<\/div>\n<p>[\/vc_column_text][\/vc_column_inner][vc_column_inner width=&#8221;1\/4&#8243;][vc_single_image image=&#8221;70&#8243; img_size=&#8221;full&#8221; alignment=&#8221;center&#8221; style=&#8221;vc_box_rounded&#8221; css=&#8221;&#8221;][vc_column_text css=&#8221;&#8221;]<\/p>\n<div class=\"et_pb_module et_pb_text et_pb_text_17 et_pb_text_align_center et_pb_bg_layout_light\">\n<div class=\"et_pb_text_inner\">\n<div class=\"et_pb_module et_pb_text et_pb_text_19 et_pb_text_align_center et_pb_bg_layout_light\">\n<div class=\"et_pb_text_inner\">\n<div class=\"et_pb_module et_pb_text et_pb_text_21 et_pb_text_align_center et_pb_bg_layout_light\">\n<div class=\"et_pb_text_inner\">\n<div class=\"et_pb_module et_pb_text et_pb_text_23 et_pb_text_align_center et_pb_bg_layout_light\">\n<div class=\"et_pb_text_inner\">\n<h4 style=\"text-align: center;\"><span style=\"color: #ffffff;\">Acabado Perfecto<\/span><\/h4>\n<\/div>\n<\/div>\n<div class=\"et_pb_module et_pb_text et_pb_text_24 et_pb_text_align_center et_pb_bg_layout_light\">\n<div class=\"et_pb_text_inner\" style=\"text-align: center;\"><span style=\"color: #ffffff;\">Protecci\u00f3n UV o anti-deslizante<\/span><\/div>\n<\/div>\n<\/div>\n<\/div>\n<\/div>\n<\/div>\n<\/div>\n<\/div>\n<p>[\/vc_column_text][\/vc_column_inner][\/vc_row_inner][\/vc_column][\/vc_row][vc_row full_width=&#8221;stretch_row_content_no_spaces&#8221;][vc_column][vc_column_text css=&#8221;&#8221;]<\/p>\n<h2 style=\"text-align: center;\">Lo que Dicen Nuestros Clientes<\/h2>\n<p>[\/vc_column_text][vc_column_text css=&#8221;&#8221;]<\/p>\n<h2 class=\"et_pb_slide_title\" style=\"text-align: center;\">\u00a1Qued\u00e9 enamorado de mi piso! Parece un espejo con tonos azules met\u00e1licos.&#8221;<\/h2>\n<div class=\"et_pb_slide_content\" style=\"text-align: center;\">Carlos M., Guadalajara<\/div>\n<p>[\/vc_column_text][\/vc_column][\/vc_row][vc_row full_width=&#8221;stretch_row_content_no_spaces&#8221;][vc_column width=&#8221;1\/4&#8243;][\/vc_column][vc_column width=&#8221;1\/2&#8243;][vc_row_inner css=&#8221;.vc_custom_1756247316535{background-image: url(https:\/\/liquidstone.mx\/wp-content\/uploads\/2025\/08\/preskom-fondo-textura5.jpg?id=71) !important;background-position: center !important;background-repeat: no-repeat !important;background-size: cover !important;}&#8221;][vc_column_inner][vc_empty_space][vc_column_text css=&#8221;&#8221;]<\/p>\n<h1 style=\"text-align: center;\"><span style=\"color: #ffffff;\">\u00bfListo para Renovar tus Pisos?<\/span><\/h1>\n<p>[\/vc_column_text][vc_btn title=&#8221;SOLICITA COTIZACI\u00d3N GRATIS&#8221; style=&#8221;classic&#8221; shape=&#8221;round&#8221; color=&#8221;blue&#8221; align=&#8221;center&#8221; css=&#8221;&#8221; link=&#8221;url:mailto%3Acontacto%40liquidstone.mx&#8221;][vc_empty_space][\/vc_column_inner][\/vc_row_inner][vc_empty_space][\/vc_column][vc_column width=&#8221;1\/4&#8243;][\/vc_column][\/vc_row][vc_row full_width=&#8221;stretch_row_content_no_spaces&#8221; disable_element=&#8221;yes&#8221; css=&#8221;.vc_custom_1756317763905{background-color: #061E34 !important;}&#8221;][vc_column width=&#8221;1\/3&#8243;][vc_column_text css=&#8221;&#8221;]<img decoding=\"async\" class=\"alignnone size-medium wp-image-27\" src=\"https:\/\/liquidstone.mx\/wp-content\/uploads\/2025\/08\/liquidstone-logo-plateado-300x141.png\" alt=\"\" width=\"300\" height=\"141\" srcset=\"https:\/\/liquidstone.mx\/wp-content\/uploads\/2025\/08\/liquidstone-logo-plateado-300x141.png 300w, https:\/\/liquidstone.mx\/wp-content\/uploads\/2025\/08\/liquidstone-logo-plateado-160x75.png 160w, https:\/\/liquidstone.mx\/wp-content\/uploads\/2025\/08\/liquidstone-logo-plateado.png 462w\" sizes=\"(max-width: 300px) 100vw, 300px\" \/>[\/vc_column_text][\/vc_column][vc_column width=&#8221;1\/3&#8243;][\/vc_column][vc_column width=&#8221;1\/3&#8243;][vc_column_text css=&#8221;&#8221;]<\/p>\n<div class=\"et_pb_module et_pb_text et_pb_text_27 et_pb_text_align_left et_pb_bg_layout_light\">\n<div class=\"et_pb_text_inner\">\n<p><span style=\"color: #ffffff;\">Jos\u00e9 Mar\u00eda Bocanegra 1315, Industrial, 64440 <\/span><\/p>\n<p><span style=\"color: #ffffff;\">Monterrey, N. L., M\u00e9xico<\/span><\/p>\n<\/div>\n<\/div>\n<div class=\"et_pb_module et_pb_text et_pb_text_28 et_pb_text_align_left et_pb_bg_layout_light\">\n<div class=\"et_pb_text_inner\">\n<div class=\"et_pb_main_blurb_image\"><span style=\"color: #ffffff;\"><a style=\"color: #ffffff;\" href=\"mailto:ventas@presskom.mx\" rel=\"nofollow\">contacto@liquidstone.mx<\/a><\/span><\/div>\n<\/div>\n<\/div>\n<p>[\/vc_column_text][\/vc_column][\/vc_row]<\/p>\n<\/div>","protected":false},"excerpt":{"rendered":"<p>[vc_row full_width=&#8221;stretch_row_content_no_spaces&#8221; content_placement=&#8221;middle&#8221; css=&#8221;.vc_custom_1756247580516{background-image: url(https:\/\/liquidstone.mx\/wp-content\/uploads\/2025\/08\/preskom-fondo-textura1.jpg?id=60) !important;background-position: center !important;background-repeat: no-repeat !important;background-size: cover !important;}&#8221;][vc_column width=&#8221;1\/2&#8243;][vc_row_inner][vc_column_inner width=&#8221;1\/6&#8243;][\/vc_column_inner][vc_column_inner width=&#8221;2\/3&#8243;][vc_column_text css=&#8221;&#8221;][\/vc_column_text][vc_custom_heading text=&#8221;Pisos Ep\u00f3xicos que Transforman [&hellip;]<\/p>\n","protected":false},"author":1,"featured_media":0,"parent":0,"menu_order":0,"comment_status":"closed","ping_status":"closed","template":"","meta":{"site-sidebar-layout":"no-sidebar","site-content-layout":"plain-container","ast-site-content-layout":"default","site-content-style":"default","site-sidebar-style":"default","ast-global-header-display":"","ast-banner-title-visibility":"","ast-main-header-display":"","ast-hfb-above-header-display":"","ast-hfb-below-header-display":"","ast-hfb-mobile-header-display":"","site-post-title":"disabled","ast-breadcrumbs-content":"","ast-featured-img":"disabled","footer-sml-layout":"","theme-transparent-header-meta":"default","adv-header-id-meta":"","stick-header-meta":"","header-above-stick-meta":"","header-main-stick-meta":"","header-below-stick-meta":"","astra-migrate-meta-layouts":"set","ast-page-background-enabled":"default","ast-page-background-meta":{"desktop":{"background-color":"var(--ast-global-color-5)","background-image":"","background-repeat":"repeat","background-position":"center center","background-size":"auto","background-attachment":"scroll","background-type":"","background-media":"","overlay-type":"","overlay-color":"","overlay-opacity":"","overlay-gradient":""},"tablet":{"background-color":"","background-image":"","background-repeat":"repeat","background-position":"center center","background-size":"auto","background-attachment":"scroll","background-type":"","background-media":"","overlay-type":"","overlay-color":"","overlay-opacity":"","overlay-gradient":""},"mobile":{"background-color":"","background-image":"","background-repeat":"repeat","background-position":"center center","background-size":"auto","background-attachment":"scroll","background-type":"","background-media":"","overlay-type":"","overlay-color":"","overlay-opacity":"","overlay-gradient":""}},"ast-content-background-meta":{"desktop":{"background-color":"var(--ast-global-color-4)","background-image":"","background-repeat":"repeat","background-position":"center center","background-size":"auto","background-attachment":"scroll","background-type":"","background-media":"","overlay-type":"","overlay-color":"","overlay-opacity":"","overlay-gradient":""},"tablet":{"background-color":"var(--ast-global-color-4)","background-image":"","background-repeat":"repeat","background-position":"center center","background-size":"auto","background-attachment":"scroll","background-type":"","background-media":"","overlay-type":"","overlay-color":"","overlay-opacity":"","overlay-gradient":""},"mobile":{"background-color":"var(--ast-global-color-4)","background-image":"","background-repeat":"repeat","background-position":"center center","background-size":"auto","background-attachment":"scroll","background-type":"","background-media":"","overlay-type":"","overlay-color":"","overlay-opacity":"","overlay-gradient":""}},"footnotes":""},"class_list":["post-59","page","type-page","status-publish","hentry"],"_links":{"self":[{"href":"https:\/\/liquidstone.mx\/index.php\/wp-json\/wp\/v2\/pages\/59","targetHints":{"allow":["GET"]}}],"collection":[{"href":"https:\/\/liquidstone.mx\/index.php\/wp-json\/wp\/v2\/pages"}],"about":[{"href":"https:\/\/liquidstone.mx\/index.php\/wp-json\/wp\/v2\/types\/page"}],"author":[{"embeddable":true,"href":"https:\/\/liquidstone.mx\/index.php\/wp-json\/wp\/v2\/users\/1"}],"replies":[{"embeddable":true,"href":"https:\/\/liquidstone.mx\/index.php\/wp-json\/wp\/v2\/comments?post=59"}],"version-history":[{"count":18,"href":"https:\/\/liquidstone.mx\/index.php\/wp-json\/wp\/v2\/pages\/59\/revisions"}],"predecessor-version":[{"id":75,"href":"https:\/\/liquidstone.mx\/index.php\/wp-json\/wp\/v2\/pages\/59\/revisions\/75"}],"wp:attachment":[{"href":"https:\/\/liquidstone.mx\/index.php\/wp-json\/wp\/v2\/media?parent=59"}],"curies":[{"name":"wp","href":"https:\/\/api.w.org\/{rel}","templated":true}]}}