{"id":16,"date":"2025-08-15T19:28:44","date_gmt":"2025-08-15T19:28:44","guid":{"rendered":"https:\/\/liquidstone.mx\/?page_id=16"},"modified":"2025-10-15T20:22:08","modified_gmt":"2025-10-15T20:22:08","slug":"pisos-epoxicos-cuarzos","status":"publish","type":"page","link":"https:\/\/liquidstone.mx\/index.php\/pisos-epoxicos-cuarzos\/","title":{"rendered":"Pisos Ep\u00f3xicos Cuarzos"},"content":{"rendered":"\t\t<div data-elementor-type=\"wp-page\" data-elementor-id=\"16\" class=\"elementor elementor-16\">\n\t\t\t\t<div class=\"elementor-element elementor-element-2ac83521 e-flex e-con-boxed e-con e-parent\" data-id=\"2ac83521\" data-element_type=\"container\" data-settings=\"{&quot;background_background&quot;:&quot;classic&quot;}\">\n\t\t\t\t\t<div class=\"e-con-inner\">\n\t\t\t\t<div class=\"elementor-element elementor-element-30816166 elementor-widget elementor-widget-spacer\" data-id=\"30816166\" data-element_type=\"widget\" data-widget_type=\"spacer.default\">\n\t\t\t\t\t\t\t<div class=\"elementor-spacer\">\n\t\t\t<div class=\"elementor-spacer-inner\"><\/div>\n\t\t<\/div>\n\t\t\t\t\t\t<\/div>\n\t\t\t\t<div class=\"elementor-element elementor-element-4e4610e3 elementor-invisible elementor-widget elementor-widget-heading\" data-id=\"4e4610e3\" data-element_type=\"widget\" data-settings=\"{&quot;_animation&quot;:&quot;slideInLeft&quot;}\" data-widget_type=\"heading.default\">\n\t\t\t\t\t<h1 class=\"elementor-heading-title elementor-size-default\">PISO DE CUARZO DECORATIVO<\/h1>\t\t\t\t<\/div>\n\t\t\t\t<div class=\"elementor-element elementor-element-2982cfd6 elementor-widget elementor-widget-spacer\" data-id=\"2982cfd6\" data-element_type=\"widget\" data-widget_type=\"spacer.default\">\n\t\t\t\t\t\t\t<div class=\"elementor-spacer\">\n\t\t\t<div class=\"elementor-spacer-inner\"><\/div>\n\t\t<\/div>\n\t\t\t\t\t\t<\/div>\n\t\t\t\t\t<\/div>\n\t\t\t\t<\/div>\n\t\t<div class=\"elementor-element elementor-element-3f8e9b0f e-flex e-con-boxed e-con e-parent\" data-id=\"3f8e9b0f\" data-element_type=\"container\">\n\t\t\t\t\t<div class=\"e-con-inner\">\n\t\t<div class=\"elementor-element elementor-element-37cf4f3c e-con-full e-flex e-con e-child\" data-id=\"37cf4f3c\" data-element_type=\"container\">\n\t\t\t\t<div class=\"elementor-element elementor-element-57bac1d7 elementor-widget elementor-widget-text-editor\" data-id=\"57bac1d7\" data-element_type=\"widget\" data-widget_type=\"text-editor.default\">\n\t\t\t\t\t\t\t\t\t<p><span style=\"color: #ffffff;\">Los pisos de cuarzos decorativos son sistemas de recubrimiento que combinan resinas ep\u00f3xicas o de poliuretano con agregados de cuarzo coloreado, logrando una superficie altamente resistente y con un acabado est\u00e9tico atractivo. El cuarzo aporta dureza, brillo natural y textura, mientras que la resina sella y protege la superficie, haci\u00e9ndola impermeable y f\u00e1cil de limpiar.<\/span><\/p><p><span style=\"color: #ffffff;\">Este tipo de piso es muy apreciado por su larga vida \u00fatil, su resistencia a qu\u00edmicos, impactos y abrasi\u00f3n, as\u00ed como por su capacidad para mejorar la seguridad gracias a su acabado antideslizante. Adem\u00e1s, la amplia gama de colores y combinaciones permite crear dise\u00f1os personalizados que se adaptan a cualquier ambiente, desde espacios industriales hasta residenciales de lujo.<\/span><\/p>\t\t\t\t\t\t\t\t<\/div>\n\t\t\t\t<\/div>\n\t\t<div class=\"elementor-element elementor-element-5605b3df e-con-full e-flex e-con e-child\" data-id=\"5605b3df\" data-element_type=\"container\">\n\t\t\t\t<div class=\"elementor-element elementor-element-6cfc2773 elementor-invisible elementor-widget elementor-widget-image\" data-id=\"6cfc2773\" data-element_type=\"widget\" data-settings=\"{&quot;_animation&quot;:&quot;slideInDown&quot;}\" data-widget_type=\"image.default\">\n\t\t\t\t\t\t\t\t\t\t\t\t\t\t\t<img fetchpriority=\"high\" decoding=\"async\" width=\"768\" height=\"768\" src=\"https:\/\/liquidstone.mx\/wp-content\/uploads\/2025\/09\/preparacion-epoxica-768x768.jpeg\" class=\"attachment-medium_large size-medium_large wp-image-278\" alt=\"\" srcset=\"https:\/\/liquidstone.mx\/wp-content\/uploads\/2025\/09\/preparacion-epoxica-768x768.jpeg 768w, https:\/\/liquidstone.mx\/wp-content\/uploads\/2025\/09\/preparacion-epoxica-300x300.jpeg 300w, https:\/\/liquidstone.mx\/wp-content\/uploads\/2025\/09\/preparacion-epoxica-150x150.jpeg 150w, https:\/\/liquidstone.mx\/wp-content\/uploads\/2025\/09\/preparacion-epoxica.jpeg 1024w\" sizes=\"(max-width: 768px) 100vw, 768px\" \/>\t\t\t\t\t\t\t\t\t\t\t\t\t\t\t<\/div>\n\t\t\t\t<\/div>\n\t\t\t\t\t<\/div>\n\t\t\t\t<\/div>\n\t\t<div class=\"elementor-element elementor-element-4528aacc e-flex e-con-boxed e-con e-parent\" data-id=\"4528aacc\" data-element_type=\"container\">\n\t\t\t\t\t<div class=\"e-con-inner\">\n\t\t\t\t<div class=\"elementor-element elementor-element-581719d8 elementor-widget elementor-widget-heading\" data-id=\"581719d8\" data-element_type=\"widget\" data-widget_type=\"heading.default\">\n\t\t\t\t\t<h2 class=\"elementor-heading-title elementor-size-default\">Ventajas Competitivas<\/h2>\t\t\t\t<\/div>\n\t\t\t\t\t<\/div>\n\t\t\t\t<\/div>\n\t\t<div class=\"elementor-element elementor-element-417315d9 e-flex e-con-boxed e-con e-parent\" data-id=\"417315d9\" data-element_type=\"container\">\n\t\t\t\t\t<div class=\"e-con-inner\">\n\t\t<div class=\"elementor-element elementor-element-460fffbc e-con-full e-flex e-con e-child\" data-id=\"460fffbc\" data-element_type=\"container\">\n\t\t\t\t<div class=\"elementor-element elementor-element-7bcbede7 elementor-invisible elementor-widget elementor-widget-text-editor\" data-id=\"7bcbede7\" data-element_type=\"widget\" data-settings=\"{&quot;_animation&quot;:&quot;bounceIn&quot;}\" data-widget_type=\"text-editor.default\">\n\t\t\t\t\t\t\t\t\t<h3>\u00a0<\/h3><h3>\u00a0<\/h3><h3 style=\"text-align: center;\"><span style=\"color: #ffffff;\">Durabilidad<\/span><\/h3><p>\u00a0<\/p><p>\u00a0<\/p>\t\t\t\t\t\t\t\t<\/div>\n\t\t\t\t<\/div>\n\t\t<div class=\"elementor-element elementor-element-4e28cc21 e-con-full e-flex e-con e-child\" data-id=\"4e28cc21\" data-element_type=\"container\">\n\t\t\t\t<div class=\"elementor-element elementor-element-658df2aa elementor-invisible elementor-widget elementor-widget-text-editor\" data-id=\"658df2aa\" data-element_type=\"widget\" data-settings=\"{&quot;_animation&quot;:&quot;bounceIn&quot;}\" data-widget_type=\"text-editor.default\">\n\t\t\t\t\t\t\t\t\t<p>\u00a0<\/p><h3>\u00a0<\/h3><h3 style=\"text-align: center;\"><span style=\"color: #ffffff;\"><strong>Antideslizante<\/strong><\/span><\/h3><p>\u00a0<\/p><p>\u00a0<\/p>\t\t\t\t\t\t\t\t<\/div>\n\t\t\t\t<\/div>\n\t\t<div class=\"elementor-element elementor-element-7965d184 e-con-full e-flex e-con e-child\" data-id=\"7965d184\" data-element_type=\"container\">\n\t\t\t\t<div class=\"elementor-element elementor-element-335265e7 elementor-invisible elementor-widget elementor-widget-text-editor\" data-id=\"335265e7\" data-element_type=\"widget\" data-settings=\"{&quot;_animation&quot;:&quot;bounceIn&quot;}\" data-widget_type=\"text-editor.default\">\n\t\t\t\t\t\t\t\t\t<p>\u00a0<\/p><h4>\u00a0<\/h4><h4>\u00a0<\/h4><h4 style=\"text-align: center;\"><strong><span style=\"color: #ffffff;\">Alta Resistencia<\/span><\/strong><\/h4><p>\u00a0<\/p><p>\u00a0<\/p>\t\t\t\t\t\t\t\t<\/div>\n\t\t\t\t<\/div>\n\t\t<div class=\"elementor-element elementor-element-2b968141 e-con-full e-flex e-con e-child\" data-id=\"2b968141\" data-element_type=\"container\">\n\t\t\t\t<div class=\"elementor-element elementor-element-4aa536d6 elementor-widget__width-initial elementor-invisible elementor-widget elementor-widget-text-editor\" data-id=\"4aa536d6\" data-element_type=\"widget\" data-settings=\"{&quot;_animation&quot;:&quot;bounceIn&quot;}\" data-widget_type=\"text-editor.default\">\n\t\t\t\t\t\t\t\t\t<h4><strong>\u00a0<\/strong><\/h4><h4>\u00a0<\/h4><h4>\u00a0<\/h4><h4 style=\"text-align: center;\"><span style=\"color: #ffffff;\">Bajo Mantenimiento<\/span><\/h4><p>\u00a0<\/p><p>\u00a0<\/p>\t\t\t\t\t\t\t\t<\/div>\n\t\t\t\t<\/div>\n\t\t\t\t\t<\/div>\n\t\t\t\t<\/div>\n\t\t<div class=\"elementor-element elementor-element-401299c0 e-flex e-con-boxed e-con e-parent\" data-id=\"401299c0\" data-element_type=\"container\">\n\t\t\t\t\t<div class=\"e-con-inner\">\n\t\t<div class=\"elementor-element elementor-element-4c9d3ea9 e-con-full e-flex e-con e-child\" data-id=\"4c9d3ea9\" data-element_type=\"container\">\n\t\t\t\t<div class=\"elementor-element elementor-element-2ad62376 elementor-widget elementor-widget-heading\" data-id=\"2ad62376\" data-element_type=\"widget\" data-widget_type=\"heading.default\">\n\t\t\t\t\t<h2 class=\"elementor-heading-title elementor-size-default\">Ideal para M\u00faltiples Espacios<\/h2>\t\t\t\t<\/div>\n\t\t\t\t<div class=\"elementor-element elementor-element-57218e3c elementor-widget elementor-widget-text-editor\" data-id=\"57218e3c\" data-element_type=\"widget\" data-widget_type=\"text-editor.default\">\n\t\t\t\t\t\t\t\t\t<ul><li>Industrias y plantas de producci\u00f3n.<\/li><li>Hospitales y laboratorios.<\/li><li>Albercas y \u00e1reas recreativas.<\/li><li>Cocinas industriales y comedores.<\/li><li>Centros comerciales y showrooms.<\/li><\/ul>\t\t\t\t\t\t\t\t<\/div>\n\t\t\t\t<\/div>\n\t\t<div class=\"elementor-element elementor-element-247b4dba e-con-full e-flex e-con e-child\" data-id=\"247b4dba\" data-element_type=\"container\">\n\t\t\t\t<div class=\"elementor-element elementor-element-62f6a623 elementor-invisible elementor-widget elementor-widget-image\" data-id=\"62f6a623\" data-element_type=\"widget\" data-settings=\"{&quot;_animation&quot;:&quot;slideInRight&quot;}\" data-widget_type=\"image.default\">\n\t\t\t\t\t\t\t\t\t\t\t\t\t\t\t<img decoding=\"async\" width=\"500\" height=\"500\" src=\"https:\/\/liquidstone.mx\/wp-content\/uploads\/2025\/10\/PISO-CUARZO.jpg\" class=\"attachment-large size-large wp-image-449\" alt=\"\" srcset=\"https:\/\/liquidstone.mx\/wp-content\/uploads\/2025\/10\/PISO-CUARZO.jpg 500w, https:\/\/liquidstone.mx\/wp-content\/uploads\/2025\/10\/PISO-CUARZO-300x300.jpg 300w, https:\/\/liquidstone.mx\/wp-content\/uploads\/2025\/10\/PISO-CUARZO-150x150.jpg 150w\" sizes=\"(max-width: 500px) 100vw, 500px\" \/>\t\t\t\t\t\t\t\t\t\t\t\t\t\t\t<\/div>\n\t\t\t\t<\/div>\n\t\t\t\t\t<\/div>\n\t\t\t\t<\/div>\n\t\t<div class=\"elementor-element elementor-element-42215b33 e-flex e-con-boxed e-con e-parent\" data-id=\"42215b33\" data-element_type=\"container\">\n\t\t\t\t\t<div class=\"e-con-inner\">\n\t\t\t\t<div class=\"elementor-element elementor-element-a690823 elementor-widget elementor-widget-heading\" data-id=\"a690823\" data-element_type=\"widget\" data-widget_type=\"heading.default\">\n\t\t\t\t\t<h2 class=\"elementor-heading-title elementor-size-default\">Opciones de Personalizaci\u00f3n<\/h2>\t\t\t\t<\/div>\n\t\t\t\t\t<\/div>\n\t\t\t\t<\/div>\n\t\t<div class=\"elementor-element elementor-element-5ea58d3 e-flex e-con-boxed e-con e-parent\" data-id=\"5ea58d3\" data-element_type=\"container\">\n\t\t\t\t\t<div class=\"e-con-inner\">\n\t\t<div class=\"elementor-element elementor-element-aaba462 e-con-full e-flex e-con e-child\" data-id=\"aaba462\" data-element_type=\"container\">\n\t\t<div class=\"elementor-element elementor-element-1549e24 e-grid e-con-full e-con e-child\" data-id=\"1549e24\" data-element_type=\"container\">\n\t\t\t\t<div class=\"elementor-element elementor-element-d606f3c elementor-view-default elementor-position-top elementor-mobile-position-top elementor-widget elementor-widget-icon-box\" data-id=\"d606f3c\" data-element_type=\"widget\" data-widget_type=\"icon-box.default\">\n\t\t\t\t\t\t\t<div class=\"elementor-icon-box-wrapper\">\n\n\t\t\t\t\t\t<div class=\"elementor-icon-box-icon\">\n\t\t\t\t<span  class=\"elementor-icon\">\n\t\t\t\t<svg aria-hidden=\"true\" class=\"e-font-icon-svg e-fas-paint-brush\" viewBox=\"0 0 512 512\" xmlns=\"http:\/\/www.w3.org\/2000\/svg\"><path d=\"M167.02 309.34c-40.12 2.58-76.53 17.86-97.19 72.3-2.35 6.21-8 9.98-14.59 9.98-11.11 0-45.46-27.67-55.25-34.35C0 439.62 37.93 512 128 512c75.86 0 128-43.77 128-120.19 0-3.11-.65-6.08-.97-9.13l-88.01-73.34zM457.89 0c-15.16 0-29.37 6.71-40.21 16.45C213.27 199.05 192 203.34 192 257.09c0 13.7 3.25 26.76 8.73 38.7l63.82 53.18c7.21 1.8 14.64 3.03 22.39 3.03 62.11 0 98.11-45.47 211.16-256.46 7.38-14.35 13.9-29.85 13.9-45.99C512 20.64 486 0 457.89 0z\"><\/path><\/svg>\t\t\t\t<\/span>\n\t\t\t<\/div>\n\t\t\t\n\t\t\t\t\t\t<div class=\"elementor-icon-box-content\">\n\n\t\t\t\t\t\t\t\t\t<h3 class=\"elementor-icon-box-title\">\n\t\t\t\t\t\t<span  >\n\t\t\t\t\t\t\tCombinaciones\t\t\t\t\t\t<\/span>\n\t\t\t\t\t<\/h3>\n\t\t\t\t\n\t\t\t\t\t\t\t\t\t<p class=\"elementor-icon-box-description\">\n\t\t\t\t\t\tCombina colores para crear dise\u00f1os \u00fanicos.\t\t\t\t\t<\/p>\n\t\t\t\t\n\t\t\t<\/div>\n\t\t\t\n\t\t<\/div>\n\t\t\t\t\t\t<\/div>\n\t\t\t\t<div class=\"elementor-element elementor-element-ee74f3f elementor-view-default elementor-position-top elementor-mobile-position-top elementor-widget elementor-widget-icon-box\" data-id=\"ee74f3f\" data-element_type=\"widget\" data-widget_type=\"icon-box.default\">\n\t\t\t\t\t\t\t<div class=\"elementor-icon-box-wrapper\">\n\n\t\t\t\t\t\t<div class=\"elementor-icon-box-icon\">\n\t\t\t\t<span  class=\"elementor-icon\">\n\t\t\t\t<svg aria-hidden=\"true\" class=\"e-font-icon-svg e-fas-stroopwafel\" viewBox=\"0 0 512 512\" xmlns=\"http:\/\/www.w3.org\/2000\/svg\"><path d=\"M188.12 210.74L142.86 256l45.25 45.25L233.37 256l-45.25-45.26zm113.13-22.62L256 142.86l-45.25 45.25L256 233.37l45.25-45.25zm-90.5 135.76L256 369.14l45.26-45.26L256 278.63l-45.25 45.25zM256 0C114.62 0 0 114.62 0 256s114.62 256 256 256 256-114.62 256-256S397.38 0 256 0zm186.68 295.6l-11.31 11.31c-3.12 3.12-8.19 3.12-11.31 0l-28.29-28.29-45.25 45.25 33.94 33.94 16.97-16.97c3.12-3.12 8.19-3.12 11.31 0l11.31 11.31c3.12 3.12 3.12 8.19 0 11.31l-16.97 16.97 16.97 16.97c3.12 3.12 3.12 8.19 0 11.31l-11.31 11.31c-3.12 3.12-8.19 3.12-11.31 0l-16.97-16.97-16.97 16.97c-3.12 3.12-8.19 3.12-11.31 0l-11.31-11.31c-3.12-3.12-3.12-8.19 0-11.31l16.97-16.97-33.94-33.94-45.26 45.26 28.29 28.29c3.12 3.12 3.12 8.19 0 11.31l-11.31 11.31c-3.12 3.12-8.19 3.12-11.31 0L256 414.39l-28.29 28.29c-3.12 3.12-8.19 3.12-11.31 0l-11.31-11.31c-3.12-3.12-3.12-8.19 0-11.31l28.29-28.29-45.25-45.26-33.94 33.94 16.97 16.97c3.12 3.12 3.12 8.19 0 11.31l-11.31 11.31c-3.12 3.12-8.19 3.12-11.31 0l-16.97-16.97-16.97 16.97c-3.12 3.12-8.19 3.12-11.31 0l-11.31-11.31c-3.12-3.12-3.12-8.19 0-11.31l16.97-16.97-16.97-16.97c-3.12-3.12-3.12-8.19 0-11.31l11.31-11.31c3.12-3.12 8.19-3.12 11.31 0l16.97 16.97 33.94-33.94-45.25-45.25-28.29 28.29c-3.12 3.12-8.19 3.12-11.31 0L69.32 295.6c-3.12-3.12-3.12-8.19 0-11.31L97.61 256l-28.29-28.29c-3.12-3.12-3.12-8.19 0-11.31l11.31-11.31c3.12-3.12 8.19-3.12 11.31 0l28.29 28.29 45.25-45.26-33.94-33.94-16.97 16.97c-3.12 3.12-8.19 3.12-11.31 0l-11.31-11.31c-3.12-3.12-3.12-8.19 0-11.31l16.97-16.97-16.97-16.97c-3.12-3.12-3.12-8.19 0-11.31l11.31-11.31c3.12-3.12 8.19-3.12 11.31 0l16.97 16.97 16.97-16.97c3.12-3.12 8.19-3.12 11.31 0l11.31 11.31c3.12 3.12 3.12 8.19 0 11.31l-16.97 16.97 33.94 33.94 45.26-45.25-28.29-28.29c-3.12-3.12-3.12-8.19 0-11.31l11.31-11.31c3.12-3.12 8.19-3.12 11.31 0L256 97.61l28.29-28.29c3.12-3.12 8.19-3.12 11.31 0l11.31 11.31c3.12 3.12 3.12 8.19 0 11.31l-28.29 28.29 45.26 45.25 33.94-33.94-16.97-16.97c-3.12-3.12-3.12-8.19 0-11.31l11.31-11.31c3.12-3.12 8.19-3.12 11.31 0l16.97 16.97 16.97-16.97c3.12-3.12 8.19-3.12 11.31 0l11.31 11.31c3.12 3.12 3.12 8.19 0 11.31l-16.97 16.97 16.97 16.97c3.12 3.12 3.12 8.19 0 11.31l-11.31 11.31c-3.12 3.12-8.19 3.12-11.31 0l-16.97-16.97-33.94 33.94 45.25 45.26 28.29-28.29c3.12-3.12 8.19-3.12 11.31 0l11.31 11.31c3.12 3.12 3.12 8.19 0 11.31L414.39 256l28.29 28.28a8.015 8.015 0 0 1 0 11.32zM278.63 256l45.26 45.25L369.14 256l-45.25-45.26L278.63 256z\"><\/path><\/svg>\t\t\t\t<\/span>\n\t\t\t<\/div>\n\t\t\t\n\t\t\t\t\t\t<div class=\"elementor-icon-box-content\">\n\n\t\t\t\t\t\t\t\t\t<h3 class=\"elementor-icon-box-title\">\n\t\t\t\t\t\t<span  >\n\t\t\t\t\t\t\tTextura\t\t\t\t\t\t<\/span>\n\t\t\t\t\t<\/h3>\n\t\t\t\t\n\t\t\t\t\t\t\t\t\t<p class=\"elementor-icon-box-description\">\n\t\t\t\t\t\tDiferentes niveles de textura para ajustar el deslizante.\t\t\t\t\t<\/p>\n\t\t\t\t\n\t\t\t<\/div>\n\t\t\t\n\t\t<\/div>\n\t\t\t\t\t\t<\/div>\n\t\t\t\t<div class=\"elementor-element elementor-element-dccc9fa elementor-view-default elementor-position-top elementor-mobile-position-top elementor-widget elementor-widget-icon-box\" data-id=\"dccc9fa\" data-element_type=\"widget\" data-widget_type=\"icon-box.default\">\n\t\t\t\t\t\t\t<div class=\"elementor-icon-box-wrapper\">\n\n\t\t\t\t\t\t<div class=\"elementor-icon-box-icon\">\n\t\t\t\t<span  class=\"elementor-icon\">\n\t\t\t\t<svg aria-hidden=\"true\" class=\"e-font-icon-svg e-fas-swatchbook\" viewBox=\"0 0 512 512\" xmlns=\"http:\/\/www.w3.org\/2000\/svg\"><path d=\"M434.66,167.71h0L344.5,77.36a31.83,31.83,0,0,0-45-.07h0l-.07.07L224,152.88V424L434.66,212.9A32,32,0,0,0,434.66,167.71ZM480,320H373.09L186.68,506.51c-2.06,2.07-4.5,3.58-6.68,5.49H480a32,32,0,0,0,32-32V352A32,32,0,0,0,480,320ZM192,32A32,32,0,0,0,160,0H32A32,32,0,0,0,0,32V416a96,96,0,0,0,192,0ZM96,440a24,24,0,1,1,24-24A24,24,0,0,1,96,440Zm32-184H64V192h64Zm0-128H64V64h64Z\"><\/path><\/svg>\t\t\t\t<\/span>\n\t\t\t<\/div>\n\t\t\t\n\t\t\t\t\t\t<div class=\"elementor-icon-box-content\">\n\n\t\t\t\t\t\t\t\t\t<h3 class=\"elementor-icon-box-title\">\n\t\t\t\t\t\t<span  >\n\t\t\t\t\t\t\tAcabados\t\t\t\t\t\t<\/span>\n\t\t\t\t\t<\/h3>\n\t\t\t\t\n\t\t\t\t\t\t\t\t\t<p class=\"elementor-icon-box-description\">\n\t\t\t\t\t\tDiferentes acabados en brillo, mate o satinado.\t\t\t\t\t<\/p>\n\t\t\t\t\n\t\t\t<\/div>\n\t\t\t\n\t\t<\/div>\n\t\t\t\t\t\t<\/div>\n\t\t\t\t<\/div>\n\t\t\t\t<\/div>\n\t\t\t\t\t<\/div>\n\t\t\t\t<\/div>\n\t\t<div class=\"elementor-element elementor-element-4dcedadb e-flex e-con-boxed e-con e-parent\" data-id=\"4dcedadb\" data-element_type=\"container\">\n\t\t\t\t\t<div class=\"e-con-inner\">\n\t\t\t\t<div class=\"elementor-element elementor-element-6d449656 elementor-widget elementor-widget-spacer\" data-id=\"6d449656\" data-element_type=\"widget\" data-widget_type=\"spacer.default\">\n\t\t\t\t\t\t\t<div class=\"elementor-spacer\">\n\t\t\t<div class=\"elementor-spacer-inner\"><\/div>\n\t\t<\/div>\n\t\t\t\t\t\t<\/div>\n\t\t\t\t\t<\/div>\n\t\t\t\t<\/div>\n\t\t<div class=\"elementor-element elementor-element-66004af e-flex e-con-boxed elementor-invisible e-con e-parent\" data-id=\"66004af\" data-element_type=\"container\" data-settings=\"{&quot;background_background&quot;:&quot;classic&quot;,&quot;animation&quot;:&quot;zoomIn&quot;}\">\n\t\t\t\t\t<div class=\"e-con-inner\">\n\t\t\t\t<div class=\"elementor-element elementor-element-222dd26c elementor-widget elementor-widget-spacer\" data-id=\"222dd26c\" data-element_type=\"widget\" data-widget_type=\"spacer.default\">\n\t\t\t\t\t\t\t<div class=\"elementor-spacer\">\n\t\t\t<div class=\"elementor-spacer-inner\"><\/div>\n\t\t<\/div>\n\t\t\t\t\t\t<\/div>\n\t\t\t\t<div class=\"elementor-element elementor-element-39151c34 elementor-widget elementor-widget-heading\" data-id=\"39151c34\" data-element_type=\"widget\" data-widget_type=\"heading.default\">\n\t\t\t\t\t<h2 class=\"elementor-heading-title elementor-size-default\">COTIZA AHORA<\/h2>\t\t\t\t<\/div>\n\t\t\t\t<div class=\"elementor-element elementor-element-6a5e4536 elementor-widget elementor-widget-text-editor\" data-id=\"6a5e4536\" data-element_type=\"widget\" data-widget_type=\"text-editor.default\">\n\t\t\t\t\t\t\t\t\t<p><span style=\"color: #ffffff;\">Colores s\u00f3lidos, degradados o combinaciones personalizadas. Efectos met\u00e1licos de una o varias capas. Acabados de alta reflexi\u00f3n o efecto satinado.<\/span><\/p>\t\t\t\t\t\t\t\t<\/div>\n\t\t\t\t<div class=\"elementor-element elementor-element-1e34ae29 elementor-widget elementor-widget-button\" data-id=\"1e34ae29\" data-element_type=\"widget\" data-widget_type=\"button.default\">\n\t\t\t\t\t\t\t\t\t\t<a class=\"elementor-button elementor-button-link elementor-size-sm\" href=\"tel:8111000804\">\n\t\t\t\t\t\t<span class=\"elementor-button-content-wrapper\">\n\t\t\t\t\t\t\t\t\t<span class=\"elementor-button-text\">Haz clic aqu\u00ed<\/span>\n\t\t\t\t\t<\/span>\n\t\t\t\t\t<\/a>\n\t\t\t\t\t\t\t\t<\/div>\n\t\t\t\t<div class=\"elementor-element elementor-element-429bd5b5 elementor-widget elementor-widget-spacer\" data-id=\"429bd5b5\" data-element_type=\"widget\" data-widget_type=\"spacer.default\">\n\t\t\t\t\t\t\t<div class=\"elementor-spacer\">\n\t\t\t<div class=\"elementor-spacer-inner\"><\/div>\n\t\t<\/div>\n\t\t\t\t\t\t<\/div>\n\t\t\t\t\t<\/div>\n\t\t\t\t<\/div>\n\t\t\t\t<\/div>\n\t\t","protected":false},"excerpt":{"rendered":"<p>PISO DE CUARZO DECORATIVO Los pisos de cuarzos decorativos son sistemas de recubrimiento que combinan resinas ep\u00f3xicas o de poliuretano [&hellip;]<\/p>\n","protected":false},"author":1,"featured_media":0,"parent":0,"menu_order":0,"comment_status":"closed","ping_status":"closed","template":"","meta":{"site-sidebar-layout":"no-sidebar","site-content-layout":"","ast-site-content-layout":"full-width-container","site-content-style":"default","site-sidebar-style":"default","ast-global-header-display":"","ast-banner-title-visibility":"","ast-main-header-display":"","ast-hfb-above-header-display":"","ast-hfb-below-header-display":"","ast-hfb-mobile-header-display":"","site-post-title":"disabled","ast-breadcrumbs-content":"","ast-featured-img":"disabled","footer-sml-layout":"","theme-transparent-header-meta":"","adv-header-id-meta":"","stick-header-meta":"","header-above-stick-meta":"","header-main-stick-meta":"","header-below-stick-meta":"","astra-migrate-meta-layouts":"default","ast-page-background-enabled":"default","ast-page-background-meta":{"desktop":{"background-color":"var(--ast-global-color-5)","background-image":"","background-repeat":"repeat","background-position":"center center","background-size":"auto","background-attachment":"scroll","background-type":"","background-media":"","overlay-type":"","overlay-color":"","overlay-opacity":"","overlay-gradient":""},"tablet":{"background-color":"","background-image":"","background-repeat":"repeat","background-position":"center center","background-size":"auto","background-attachment":"scroll","background-type":"","background-media":"","overlay-type":"","overlay-color":"","overlay-opacity":"","overlay-gradient":""},"mobile":{"background-color":"","background-image":"","background-repeat":"repeat","background-position":"center center","background-size":"auto","background-attachment":"scroll","background-type":"","background-media":"","overlay-type":"","overlay-color":"","overlay-opacity":"","overlay-gradient":""}},"ast-content-background-meta":{"desktop":{"background-color":"var(--ast-global-color-4)","background-image":"","background-repeat":"repeat","background-position":"center center","background-size":"auto","background-attachment":"scroll","background-type":"","background-media":"","overlay-type":"","overlay-color":"","overlay-opacity":"","overlay-gradient":""},"tablet":{"background-color":"var(--ast-global-color-4)","background-image":"","background-repeat":"repeat","background-position":"center center","background-size":"auto","background-attachment":"scroll","background-type":"","background-media":"","overlay-type":"","overlay-color":"","overlay-opacity":"","overlay-gradient":""},"mobile":{"background-color":"var(--ast-global-color-4)","background-image":"","background-repeat":"repeat","background-position":"center center","background-size":"auto","background-attachment":"scroll","background-type":"","background-media":"","overlay-type":"","overlay-color":"","overlay-opacity":"","overlay-gradient":""}},"footnotes":""},"class_list":["post-16","page","type-page","status-publish","hentry"],"_links":{"self":[{"href":"https:\/\/liquidstone.mx\/index.php\/wp-json\/wp\/v2\/pages\/16","targetHints":{"allow":["GET"]}}],"collection":[{"href":"https:\/\/liquidstone.mx\/index.php\/wp-json\/wp\/v2\/pages"}],"about":[{"href":"https:\/\/liquidstone.mx\/index.php\/wp-json\/wp\/v2\/types\/page"}],"author":[{"embeddable":true,"href":"https:\/\/liquidstone.mx\/index.php\/wp-json\/wp\/v2\/users\/1"}],"replies":[{"embeddable":true,"href":"https:\/\/liquidstone.mx\/index.php\/wp-json\/wp\/v2\/comments?post=16"}],"version-history":[{"count":10,"href":"https:\/\/liquidstone.mx\/index.php\/wp-json\/wp\/v2\/pages\/16\/revisions"}],"predecessor-version":[{"id":452,"href":"https:\/\/liquidstone.mx\/index.php\/wp-json\/wp\/v2\/pages\/16\/revisions\/452"}],"wp:attachment":[{"href":"https:\/\/liquidstone.mx\/index.php\/wp-json\/wp\/v2\/media?parent=16"}],"curies":[{"name":"wp","href":"https:\/\/api.w.org\/{rel}","templated":true}]}}