{"id":14,"date":"2025-08-15T19:28:31","date_gmt":"2025-08-15T19:28:31","guid":{"rendered":"https:\/\/liquidstone.mx\/?page_id=14"},"modified":"2025-10-15T20:26:06","modified_gmt":"2025-10-15T20:26:06","slug":"pisos-epoxicos-hojuelas","status":"publish","type":"page","link":"https:\/\/liquidstone.mx\/index.php\/pisos-epoxicos-hojuelas\/","title":{"rendered":"Pisos Ep\u00f3xicos Hojuelas"},"content":{"rendered":"\t\t<div data-elementor-type=\"wp-page\" data-elementor-id=\"14\" class=\"elementor elementor-14\">\n\t\t\t\t<div class=\"elementor-element elementor-element-6dcd9b4 e-flex e-con-boxed e-con e-parent\" data-id=\"6dcd9b4\" data-element_type=\"container\">\n\t\t\t\t\t<div class=\"e-con-inner\">\n\t\t\t\t<div class=\"elementor-element elementor-element-7da66eb elementor-widget elementor-widget-spacer\" data-id=\"7da66eb\" data-element_type=\"widget\" data-widget_type=\"spacer.default\">\n\t\t\t\t\t\t\t<div class=\"elementor-spacer\">\n\t\t\t<div class=\"elementor-spacer-inner\"><\/div>\n\t\t<\/div>\n\t\t\t\t\t\t<\/div>\n\t\t\t\t\t<\/div>\n\t\t\t\t<\/div>\n\t\t<div class=\"elementor-element elementor-element-23461ce e-flex e-con-boxed e-con e-parent\" data-id=\"23461ce\" data-element_type=\"container\" data-settings=\"{&quot;background_background&quot;:&quot;classic&quot;}\">\n\t\t\t\t\t<div class=\"e-con-inner\">\n\t\t\t\t<div class=\"elementor-element elementor-element-f99f923 elementor-widget elementor-widget-spacer\" data-id=\"f99f923\" data-element_type=\"widget\" data-widget_type=\"spacer.default\">\n\t\t\t\t\t\t\t<div class=\"elementor-spacer\">\n\t\t\t<div class=\"elementor-spacer-inner\"><\/div>\n\t\t<\/div>\n\t\t\t\t\t\t<\/div>\n\t\t\t\t<div class=\"elementor-element elementor-element-f1da1e0 elementor-widget elementor-widget-spacer\" data-id=\"f1da1e0\" data-element_type=\"widget\" data-widget_type=\"spacer.default\">\n\t\t\t\t\t\t\t<div class=\"elementor-spacer\">\n\t\t\t<div class=\"elementor-spacer-inner\"><\/div>\n\t\t<\/div>\n\t\t\t\t\t\t<\/div>\n\t\t\t\t<div class=\"elementor-element elementor-element-5ddf91f elementor-widget elementor-widget-spacer\" data-id=\"5ddf91f\" data-element_type=\"widget\" data-widget_type=\"spacer.default\">\n\t\t\t\t\t\t\t<div class=\"elementor-spacer\">\n\t\t\t<div class=\"elementor-spacer-inner\"><\/div>\n\t\t<\/div>\n\t\t\t\t\t\t<\/div>\n\t\t\t\t\t<\/div>\n\t\t\t\t<\/div>\n\t\t<div class=\"elementor-element elementor-element-5871787 e-flex e-con-boxed e-con e-parent\" data-id=\"5871787\" data-element_type=\"container\">\n\t\t\t\t\t<div class=\"e-con-inner\">\n\t\t<div class=\"elementor-element elementor-element-655f621 e-con-full e-flex e-con e-child\" data-id=\"655f621\" data-element_type=\"container\">\n\t\t\t\t<div class=\"elementor-element elementor-element-3326fe8 elementor-widget elementor-widget-heading\" data-id=\"3326fe8\" data-element_type=\"widget\" data-widget_type=\"heading.default\">\n\t\t\t\t\t<h2 class=\"elementor-heading-title elementor-size-default\">Pisos Ep\u00f3xicos con Hojuelas<\/h2>\t\t\t\t<\/div>\n\t\t\t\t<div class=\"elementor-element elementor-element-21097c6 elementor-widget elementor-widget-text-editor\" data-id=\"21097c6\" data-element_type=\"widget\" data-widget_type=\"text-editor.default\">\n\t\t\t\t\t\t\t\t\t<p><span style=\"color: #000000;\">Estos pisos Epoxy Flakes son un sistema decorativo que combina durabilidad con la \u00e9stetica de hojuelas en vinil o acr\u00edlicas de distintos colores. Estas hojuelas se esparcen sobre una capa de resina a\u00fan h\u00fameda, creando un acabado \u00fanico que puede personalizarse en tonos, patrones y densidad de cobertura.<\/span><\/p><p class=\"MsoNormal\"><span style=\"color: #000000;\">Este tipo de piso es altamente resistente al desgaste, a impactos y a productos qu\u00edmicos, por lo que es ideal para espacios de alto tr\u00e1fico. Adem\u00e1s, su superficie texturizada proporciona un efecto antideslizante, mejorando la seguridad en \u00e1reas h\u00famedas o de trabajo.<\/span><\/p><p class=\"MsoNormal\"><span style=\"color: #000000;\">Gracias a su dise\u00f1o, los Epoxy Flakes disimulan imperfecciones del sustrato y reducen la visibilidad de polvo o suciedad, lo que los convierte en una opci\u00f3n pr\u00e1ctica y de bajo mantenimiento.<\/span><\/p>\t\t\t\t\t\t\t\t<\/div>\n\t\t\t\t<\/div>\n\t\t<div class=\"elementor-element elementor-element-971a035 e-con-full e-flex e-con e-child\" data-id=\"971a035\" data-element_type=\"container\">\n\t\t\t\t<div class=\"elementor-element elementor-element-d101702 elementor-widget elementor-widget-image\" data-id=\"d101702\" data-element_type=\"widget\" data-widget_type=\"image.default\">\n\t\t\t\t\t\t\t\t\t\t\t\t\t\t\t<img fetchpriority=\"high\" decoding=\"async\" width=\"1024\" height=\"1024\" src=\"https:\/\/liquidstone.mx\/wp-content\/uploads\/2025\/09\/preparacion-epoxica.jpeg\" class=\"attachment-large size-large wp-image-278\" alt=\"\" srcset=\"https:\/\/liquidstone.mx\/wp-content\/uploads\/2025\/09\/preparacion-epoxica.jpeg 1024w, https:\/\/liquidstone.mx\/wp-content\/uploads\/2025\/09\/preparacion-epoxica-300x300.jpeg 300w, https:\/\/liquidstone.mx\/wp-content\/uploads\/2025\/09\/preparacion-epoxica-150x150.jpeg 150w, https:\/\/liquidstone.mx\/wp-content\/uploads\/2025\/09\/preparacion-epoxica-768x768.jpeg 768w\" sizes=\"(max-width: 1024px) 100vw, 1024px\" \/>\t\t\t\t\t\t\t\t\t\t\t\t\t\t\t<\/div>\n\t\t\t\t<\/div>\n\t\t\t\t\t<\/div>\n\t\t\t\t<\/div>\n\t\t<div class=\"elementor-element elementor-element-754d000 e-flex e-con-boxed e-con e-parent\" data-id=\"754d000\" data-element_type=\"container\">\n\t\t\t\t\t<div class=\"e-con-inner\">\n\t\t\t\t<div class=\"elementor-element elementor-element-89a55c2 elementor-widget elementor-widget-heading\" data-id=\"89a55c2\" data-element_type=\"widget\" data-widget_type=\"heading.default\">\n\t\t\t\t\t<h2 class=\"elementor-heading-title elementor-size-default\">Ventajas Competitivas<\/h2>\t\t\t\t<\/div>\n\t\t\t\t\t<\/div>\n\t\t\t\t<\/div>\n\t\t<div class=\"elementor-element elementor-element-a9eecab e-flex e-con-boxed e-con e-parent\" data-id=\"a9eecab\" data-element_type=\"container\">\n\t\t\t\t\t<div class=\"e-con-inner\">\n\t\t<div class=\"elementor-element elementor-element-2a42e38 e-con-full e-flex e-con e-child\" data-id=\"2a42e38\" data-element_type=\"container\">\n\t\t\t\t<div class=\"elementor-element elementor-element-1948d08 elementor-widget elementor-widget-text-editor\" data-id=\"1948d08\" data-element_type=\"widget\" data-widget_type=\"text-editor.default\">\n\t\t\t\t\t\t\t\t\t<h4>\u00a0<\/h4><h4>\u00a0<\/h4><h4>\u00a0<\/h4><h4 style=\"text-align: center;\"><span style=\"color: #ffffff;\"><strong>ALTA DURABILIDAD<\/strong><\/span><\/h4><p>\u00a0<\/p><p>\u00a0<\/p>\t\t\t\t\t\t\t\t<\/div>\n\t\t\t\t<\/div>\n\t\t<div class=\"elementor-element elementor-element-e97fd6d e-con-full e-flex e-con e-child\" data-id=\"e97fd6d\" data-element_type=\"container\">\n\t\t\t\t<div class=\"elementor-element elementor-element-81d70a4 elementor-widget elementor-widget-text-editor\" data-id=\"81d70a4\" data-element_type=\"widget\" data-widget_type=\"text-editor.default\">\n\t\t\t\t\t\t\t\t\t<h4>\u00a0<\/h4><h4>\u00a0<\/h4><h4>\u00a0<\/h4><h4 style=\"text-align: center;\"><span style=\"color: #ffffff;\"><strong>ANTIDESLIZANTE<\/strong><\/span><\/h4><p>\u00a0<\/p><p>\u00a0<\/p>\t\t\t\t\t\t\t\t<\/div>\n\t\t\t\t<\/div>\n\t\t<div class=\"elementor-element elementor-element-d02a5a2 e-con-full e-flex e-con e-child\" data-id=\"d02a5a2\" data-element_type=\"container\">\n\t\t\t\t<div class=\"elementor-element elementor-element-cdd20b4 elementor-widget elementor-widget-text-editor\" data-id=\"cdd20b4\" data-element_type=\"widget\" data-widget_type=\"text-editor.default\">\n\t\t\t\t\t\t\t\t\t<h4>\u00a0<\/h4><h4>\u00a0<\/h4><h4>\u00a0<\/h4><h4 style=\"text-align: center;\"><span style=\"color: #ffffff;\"><strong>IMPERMEABILIDAD<\/strong><\/span><\/h4><p>\u00a0<\/p><p>\u00a0<\/p>\t\t\t\t\t\t\t\t<\/div>\n\t\t\t\t<\/div>\n\t\t<div class=\"elementor-element elementor-element-7009309 e-con-full e-flex e-con e-child\" data-id=\"7009309\" data-element_type=\"container\">\n\t\t\t\t<div class=\"elementor-element elementor-element-b73808d elementor-widget elementor-widget-text-editor\" data-id=\"b73808d\" data-element_type=\"widget\" data-widget_type=\"text-editor.default\">\n\t\t\t\t\t\t\t\t\t<p>\u00a0<\/p><p>\u00a0<\/p><h4>\u00a0<\/h4><h4 style=\"text-align: center;\"><span style=\"color: #ffffff;\"><strong>BAJO\u00a0 MANTENIMIENTO<\/strong><\/span><\/h4><p>\u00a0<\/p><p>\u00a0<\/p>\t\t\t\t\t\t\t\t<\/div>\n\t\t\t\t<\/div>\n\t\t\t\t\t<\/div>\n\t\t\t\t<\/div>\n\t\t<div class=\"elementor-element elementor-element-9e0b4a5 e-flex e-con-boxed e-con e-parent\" data-id=\"9e0b4a5\" data-element_type=\"container\">\n\t\t\t\t\t<div class=\"e-con-inner\">\n\t\t<div class=\"elementor-element elementor-element-d084b6a e-con-full e-flex e-con e-child\" data-id=\"d084b6a\" data-element_type=\"container\">\n\t\t\t\t<div class=\"elementor-element elementor-element-8cb03e3 elementor-widget elementor-widget-heading\" data-id=\"8cb03e3\" data-element_type=\"widget\" data-widget_type=\"heading.default\">\n\t\t\t\t\t<h2 class=\"elementor-heading-title elementor-size-default\">Aplicaciones Comunes<\/h2>\t\t\t\t<\/div>\n\t\t\t\t<div class=\"elementor-element elementor-element-a9b0ba0 elementor-widget elementor-widget-text-editor\" data-id=\"a9b0ba0\" data-element_type=\"widget\" data-widget_type=\"text-editor.default\">\n\t\t\t\t\t\t\t\t\t<ul><li><span style=\"color: #000000;\">Garages y estacionamientos<\/span><\/li><li><span style=\"color: #000000;\">\u00c1reas comerciales y oficinas<\/span><\/li><li><span style=\"color: #000000;\">Hospitales y cl\u00ednicas<\/span><\/li><li><span style=\"color: #000000;\">Gimnasios y centros deportivos<\/span><\/li><li><span style=\"color: #000000;\">Escuelas y \u00e1reas p\u00fablicas<\/span><\/li><\/ul>\t\t\t\t\t\t\t\t<\/div>\n\t\t\t\t<\/div>\n\t\t<div class=\"elementor-element elementor-element-a471abd e-con-full e-flex e-con e-child\" data-id=\"a471abd\" data-element_type=\"container\">\n\t\t\t\t<div class=\"elementor-element elementor-element-71c40f0 elementor-widget elementor-widget-image\" data-id=\"71c40f0\" data-element_type=\"widget\" data-widget_type=\"image.default\">\n\t\t\t\t\t\t\t\t\t\t\t\t\t\t\t<img decoding=\"async\" width=\"500\" height=\"500\" src=\"https:\/\/liquidstone.mx\/wp-content\/uploads\/2025\/09\/PISO-EPOXICO-CON-HOJUELAS-APLICADO.jpg\" class=\"attachment-large size-large wp-image-338\" alt=\"\" srcset=\"https:\/\/liquidstone.mx\/wp-content\/uploads\/2025\/09\/PISO-EPOXICO-CON-HOJUELAS-APLICADO.jpg 500w, https:\/\/liquidstone.mx\/wp-content\/uploads\/2025\/09\/PISO-EPOXICO-CON-HOJUELAS-APLICADO-300x300.jpg 300w, https:\/\/liquidstone.mx\/wp-content\/uploads\/2025\/09\/PISO-EPOXICO-CON-HOJUELAS-APLICADO-150x150.jpg 150w\" sizes=\"(max-width: 500px) 100vw, 500px\" \/>\t\t\t\t\t\t\t\t\t\t\t\t\t\t\t<\/div>\n\t\t\t\t<\/div>\n\t\t\t\t\t<\/div>\n\t\t\t\t<\/div>\n\t\t<div class=\"elementor-element elementor-element-88e6433 e-con-full e-flex e-con e-parent\" data-id=\"88e6433\" data-element_type=\"container\">\n\t\t\t\t<div class=\"elementor-element elementor-element-e70f337 elementor-widget elementor-widget-heading\" data-id=\"e70f337\" data-element_type=\"widget\" data-widget_type=\"heading.default\">\n\t\t\t\t\t<h2 class=\"elementor-heading-title elementor-size-default\">Opciones de Personalizaci\u00f3n<\/h2>\t\t\t\t<\/div>\n\t\t<div class=\"elementor-element elementor-element-385a41c e-grid e-con-full e-con e-child\" data-id=\"385a41c\" data-element_type=\"container\">\n\t\t\t\t<div class=\"elementor-element elementor-element-b224083 elementor-view-default elementor-position-top elementor-mobile-position-top elementor-widget elementor-widget-icon-box\" data-id=\"b224083\" data-element_type=\"widget\" data-widget_type=\"icon-box.default\">\n\t\t\t\t\t\t\t<div class=\"elementor-icon-box-wrapper\">\n\n\t\t\t\t\t\t<div class=\"elementor-icon-box-icon\">\n\t\t\t\t<span  class=\"elementor-icon\">\n\t\t\t\t<svg aria-hidden=\"true\" class=\"e-font-icon-svg e-fas-stroopwafel\" viewBox=\"0 0 512 512\" xmlns=\"http:\/\/www.w3.org\/2000\/svg\"><path d=\"M188.12 210.74L142.86 256l45.25 45.25L233.37 256l-45.25-45.26zm113.13-22.62L256 142.86l-45.25 45.25L256 233.37l45.25-45.25zm-90.5 135.76L256 369.14l45.26-45.26L256 278.63l-45.25 45.25zM256 0C114.62 0 0 114.62 0 256s114.62 256 256 256 256-114.62 256-256S397.38 0 256 0zm186.68 295.6l-11.31 11.31c-3.12 3.12-8.19 3.12-11.31 0l-28.29-28.29-45.25 45.25 33.94 33.94 16.97-16.97c3.12-3.12 8.19-3.12 11.31 0l11.31 11.31c3.12 3.12 3.12 8.19 0 11.31l-16.97 16.97 16.97 16.97c3.12 3.12 3.12 8.19 0 11.31l-11.31 11.31c-3.12 3.12-8.19 3.12-11.31 0l-16.97-16.97-16.97 16.97c-3.12 3.12-8.19 3.12-11.31 0l-11.31-11.31c-3.12-3.12-3.12-8.19 0-11.31l16.97-16.97-33.94-33.94-45.26 45.26 28.29 28.29c3.12 3.12 3.12 8.19 0 11.31l-11.31 11.31c-3.12 3.12-8.19 3.12-11.31 0L256 414.39l-28.29 28.29c-3.12 3.12-8.19 3.12-11.31 0l-11.31-11.31c-3.12-3.12-3.12-8.19 0-11.31l28.29-28.29-45.25-45.26-33.94 33.94 16.97 16.97c3.12 3.12 3.12 8.19 0 11.31l-11.31 11.31c-3.12 3.12-8.19 3.12-11.31 0l-16.97-16.97-16.97 16.97c-3.12 3.12-8.19 3.12-11.31 0l-11.31-11.31c-3.12-3.12-3.12-8.19 0-11.31l16.97-16.97-16.97-16.97c-3.12-3.12-3.12-8.19 0-11.31l11.31-11.31c3.12-3.12 8.19-3.12 11.31 0l16.97 16.97 33.94-33.94-45.25-45.25-28.29 28.29c-3.12 3.12-8.19 3.12-11.31 0L69.32 295.6c-3.12-3.12-3.12-8.19 0-11.31L97.61 256l-28.29-28.29c-3.12-3.12-3.12-8.19 0-11.31l11.31-11.31c3.12-3.12 8.19-3.12 11.31 0l28.29 28.29 45.25-45.26-33.94-33.94-16.97 16.97c-3.12 3.12-8.19 3.12-11.31 0l-11.31-11.31c-3.12-3.12-3.12-8.19 0-11.31l16.97-16.97-16.97-16.97c-3.12-3.12-3.12-8.19 0-11.31l11.31-11.31c3.12-3.12 8.19-3.12 11.31 0l16.97 16.97 16.97-16.97c3.12-3.12 8.19-3.12 11.31 0l11.31 11.31c3.12 3.12 3.12 8.19 0 11.31l-16.97 16.97 33.94 33.94 45.26-45.25-28.29-28.29c-3.12-3.12-3.12-8.19 0-11.31l11.31-11.31c3.12-3.12 8.19-3.12 11.31 0L256 97.61l28.29-28.29c3.12-3.12 8.19-3.12 11.31 0l11.31 11.31c3.12 3.12 3.12 8.19 0 11.31l-28.29 28.29 45.26 45.25 33.94-33.94-16.97-16.97c-3.12-3.12-3.12-8.19 0-11.31l11.31-11.31c3.12-3.12 8.19-3.12 11.31 0l16.97 16.97 16.97-16.97c3.12-3.12 8.19-3.12 11.31 0l11.31 11.31c3.12 3.12 3.12 8.19 0 11.31l-16.97 16.97 16.97 16.97c3.12 3.12 3.12 8.19 0 11.31l-11.31 11.31c-3.12 3.12-8.19 3.12-11.31 0l-16.97-16.97-33.94 33.94 45.25 45.26 28.29-28.29c3.12-3.12 8.19-3.12 11.31 0l11.31 11.31c3.12 3.12 3.12 8.19 0 11.31L414.39 256l28.29 28.28a8.015 8.015 0 0 1 0 11.32zM278.63 256l45.26 45.25L369.14 256l-45.25-45.26L278.63 256z\"><\/path><\/svg>\t\t\t\t<\/span>\n\t\t\t<\/div>\n\t\t\t\n\t\t\t\t\t\t<div class=\"elementor-icon-box-content\">\n\n\t\t\t\t\t\t\t\t\t<h3 class=\"elementor-icon-box-title\">\n\t\t\t\t\t\t<span  >\n\t\t\t\t\t\t\tCobertura\t\t\t\t\t\t<\/span>\n\t\t\t\t\t<\/h3>\n\t\t\t\t\n\t\t\t\t\t\t\t\t\t<p class=\"elementor-icon-box-description\">\n\t\t\t\t\t\tParcial o total de hojuelas\t\t\t\t\t<\/p>\n\t\t\t\t\n\t\t\t<\/div>\n\t\t\t\n\t\t<\/div>\n\t\t\t\t\t\t<\/div>\n\t\t\t\t<div class=\"elementor-element elementor-element-126cf6c elementor-view-default elementor-position-top elementor-mobile-position-top elementor-widget elementor-widget-icon-box\" data-id=\"126cf6c\" data-element_type=\"widget\" data-widget_type=\"icon-box.default\">\n\t\t\t\t\t\t\t<div class=\"elementor-icon-box-wrapper\">\n\n\t\t\t\t\t\t<div class=\"elementor-icon-box-icon\">\n\t\t\t\t<span  class=\"elementor-icon\">\n\t\t\t\t<svg aria-hidden=\"true\" class=\"e-font-icon-svg e-fas-paint-brush\" viewBox=\"0 0 512 512\" xmlns=\"http:\/\/www.w3.org\/2000\/svg\"><path d=\"M167.02 309.34c-40.12 2.58-76.53 17.86-97.19 72.3-2.35 6.21-8 9.98-14.59 9.98-11.11 0-45.46-27.67-55.25-34.35C0 439.62 37.93 512 128 512c75.86 0 128-43.77 128-120.19 0-3.11-.65-6.08-.97-9.13l-88.01-73.34zM457.89 0c-15.16 0-29.37 6.71-40.21 16.45C213.27 199.05 192 203.34 192 257.09c0 13.7 3.25 26.76 8.73 38.7l63.82 53.18c7.21 1.8 14.64 3.03 22.39 3.03 62.11 0 98.11-45.47 211.16-256.46 7.38-14.35 13.9-29.85 13.9-45.99C512 20.64 486 0 457.89 0z\"><\/path><\/svg>\t\t\t\t<\/span>\n\t\t\t<\/div>\n\t\t\t\n\t\t\t\t\t\t<div class=\"elementor-icon-box-content\">\n\n\t\t\t\t\t\t\t\t\t<h3 class=\"elementor-icon-box-title\">\n\t\t\t\t\t\t<span  >\n\t\t\t\t\t\t\tCombinaciones\t\t\t\t\t\t<\/span>\n\t\t\t\t\t<\/h3>\n\t\t\t\t\n\t\t\t\t\t\t\t\t\t<p class=\"elementor-icon-box-description\">\n\t\t\t\t\t\tColores a elegir y a la medida\t\t\t\t\t<\/p>\n\t\t\t\t\n\t\t\t<\/div>\n\t\t\t\n\t\t<\/div>\n\t\t\t\t\t\t<\/div>\n\t\t\t\t<div class=\"elementor-element elementor-element-37883a5 elementor-view-default elementor-position-top elementor-mobile-position-top elementor-widget elementor-widget-icon-box\" data-id=\"37883a5\" data-element_type=\"widget\" data-widget_type=\"icon-box.default\">\n\t\t\t\t\t\t\t<div class=\"elementor-icon-box-wrapper\">\n\n\t\t\t\t\t\t<div class=\"elementor-icon-box-icon\">\n\t\t\t\t<span  class=\"elementor-icon\">\n\t\t\t\t<svg aria-hidden=\"true\" class=\"e-font-icon-svg e-fas-ruler\" viewBox=\"0 0 640 512\" xmlns=\"http:\/\/www.w3.org\/2000\/svg\"><path d=\"M635.7 167.2L556.1 31.7c-8.8-15-28.3-20.1-43.5-11.5l-69 39.1L503.3 161c2.2 3.8.9 8.5-2.9 10.7l-13.8 7.8c-3.8 2.2-8.7.9-10.9-2.9L416 75l-55.2 31.3 27.9 47.4c2.2 3.8.9 8.5-2.9 10.7l-13.8 7.8c-3.8 2.2-8.7.9-10.9-2.9L333.2 122 278 153.3 337.8 255c2.2 3.7.9 8.5-2.9 10.7l-13.8 7.8c-3.8 2.2-8.7.9-10.9-2.9l-59.7-101.7-55.2 31.3 27.9 47.4c2.2 3.8.9 8.5-2.9 10.7l-13.8 7.8c-3.8 2.2-8.7.9-10.9-2.9l-27.9-47.5-55.2 31.3 59.7 101.7c2.2 3.7.9 8.5-2.9 10.7l-13.8 7.8c-3.8 2.2-8.7.9-10.9-2.9L84.9 262.9l-69 39.1C.7 310.7-4.6 329.8 4.2 344.8l79.6 135.6c8.8 15 28.3 20.1 43.5 11.5L624.1 210c15.2-8.6 20.4-27.8 11.6-42.8z\"><\/path><\/svg>\t\t\t\t<\/span>\n\t\t\t<\/div>\n\t\t\t\n\t\t\t\t\t\t<div class=\"elementor-icon-box-content\">\n\n\t\t\t\t\t\t\t\t\t<h3 class=\"elementor-icon-box-title\">\n\t\t\t\t\t\t<span  >\n\t\t\t\t\t\t\tTama\u00f1os\t\t\t\t\t\t<\/span>\n\t\t\t\t\t<\/h3>\n\t\t\t\t\n\t\t\t\t\t\t\t\t\t<p class=\"elementor-icon-box-description\">\n\t\t\t\t\t\tHojuelas finas, medianas o grandes\t\t\t\t\t<\/p>\n\t\t\t\t\n\t\t\t<\/div>\n\t\t\t\n\t\t<\/div>\n\t\t\t\t\t\t<\/div>\n\t\t\t\t<div class=\"elementor-element elementor-element-34444db elementor-view-default elementor-position-top elementor-mobile-position-top elementor-widget elementor-widget-icon-box\" data-id=\"34444db\" data-element_type=\"widget\" data-widget_type=\"icon-box.default\">\n\t\t\t\t\t\t\t<div class=\"elementor-icon-box-wrapper\">\n\n\t\t\t\t\t\t<div class=\"elementor-icon-box-icon\">\n\t\t\t\t<span  class=\"elementor-icon\">\n\t\t\t\t<svg aria-hidden=\"true\" class=\"e-font-icon-svg e-fas-swatchbook\" viewBox=\"0 0 512 512\" xmlns=\"http:\/\/www.w3.org\/2000\/svg\"><path d=\"M434.66,167.71h0L344.5,77.36a31.83,31.83,0,0,0-45-.07h0l-.07.07L224,152.88V424L434.66,212.9A32,32,0,0,0,434.66,167.71ZM480,320H373.09L186.68,506.51c-2.06,2.07-4.5,3.58-6.68,5.49H480a32,32,0,0,0,32-32V352A32,32,0,0,0,480,320ZM192,32A32,32,0,0,0,160,0H32A32,32,0,0,0,0,32V416a96,96,0,0,0,192,0ZM96,440a24,24,0,1,1,24-24A24,24,0,0,1,96,440Zm32-184H64V192h64Zm0-128H64V64h64Z\"><\/path><\/svg>\t\t\t\t<\/span>\n\t\t\t<\/div>\n\t\t\t\n\t\t\t\t\t\t<div class=\"elementor-icon-box-content\">\n\n\t\t\t\t\t\t\t\t\t<h3 class=\"elementor-icon-box-title\">\n\t\t\t\t\t\t<span  >\n\t\t\t\t\t\t\tAcabados\t\t\t\t\t\t<\/span>\n\t\t\t\t\t<\/h3>\n\t\t\t\t\n\t\t\t\t\t\t\t\t\t<p class=\"elementor-icon-box-description\">\n\t\t\t\t\t\tMate, satinado o alto brillo\t\t\t\t\t<\/p>\n\t\t\t\t\n\t\t\t<\/div>\n\t\t\t\n\t\t<\/div>\n\t\t\t\t\t\t<\/div>\n\t\t\t\t<\/div>\n\t\t\t\t<div class=\"elementor-element elementor-element-f826d12 elementor-widget elementor-widget-spacer\" data-id=\"f826d12\" data-element_type=\"widget\" data-widget_type=\"spacer.default\">\n\t\t\t\t\t\t\t<div class=\"elementor-spacer\">\n\t\t\t<div class=\"elementor-spacer-inner\"><\/div>\n\t\t<\/div>\n\t\t\t\t\t\t<\/div>\n\t\t\t\t<\/div>\n\t\t<div class=\"elementor-element elementor-element-5c4e729 e-flex e-con-boxed e-con e-parent\" data-id=\"5c4e729\" data-element_type=\"container\" data-settings=\"{&quot;background_background&quot;:&quot;classic&quot;}\">\n\t\t\t\t\t<div class=\"e-con-inner\">\n\t\t<div class=\"elementor-element elementor-element-8b19f4b e-con-full e-flex e-con e-child\" data-id=\"8b19f4b\" data-element_type=\"container\">\n\t\t\t\t<div class=\"elementor-element elementor-element-cfc6071 elementor-widget elementor-widget-heading\" data-id=\"cfc6071\" data-element_type=\"widget\" data-widget_type=\"heading.default\">\n\t\t\t\t\t<h2 class=\"elementor-heading-title elementor-size-default\">COTIZA AHORA<\/h2>\t\t\t\t<\/div>\n\t\t\t\t<div class=\"elementor-element elementor-element-57df771 elementor-widget elementor-widget-text-editor\" data-id=\"57df771\" data-element_type=\"widget\" data-widget_type=\"text-editor.default\">\n\t\t\t\t\t\t\t\t\t<div class=\"elementor-element elementor-element-6767c5d elementor-widget elementor-widget-text-editor\" data-id=\"6767c5d\" data-element_type=\"widget\" data-widget_type=\"text-editor.default\"><p><span style=\"color: #ffffff;\">Colores s\u00f3lidos, degradados o combinaciones personalizadas. Efectos met\u00e1licos de una o varias capas. Acabados de alta reflexi\u00f3n o efecto satinado.<\/span><\/p><\/div>\t\t\t\t\t\t\t\t<\/div>\n\t\t\t\t<div class=\"elementor-element elementor-element-74f94e1 elementor-align-center elementor-widget elementor-widget-button\" data-id=\"74f94e1\" data-element_type=\"widget\" data-widget_type=\"button.default\">\n\t\t\t\t\t\t\t\t\t\t<a class=\"elementor-button elementor-button-link elementor-size-sm\" href=\"#\">\n\t\t\t\t\t\t<span class=\"elementor-button-content-wrapper\">\n\t\t\t\t\t\t\t\t\t<span class=\"elementor-button-text\">Haz clic aqu\u00ed<\/span>\n\t\t\t\t\t<\/span>\n\t\t\t\t\t<\/a>\n\t\t\t\t\t\t\t\t<\/div>\n\t\t\t\t<\/div>\n\t\t\t\t\t<\/div>\n\t\t\t\t<\/div>\n\t\t<div class=\"elementor-element elementor-element-e0bffa9 e-flex e-con-boxed e-con e-parent\" data-id=\"e0bffa9\" data-element_type=\"container\">\n\t\t\t\t\t<div class=\"e-con-inner\">\n\t\t\t\t<div class=\"elementor-element elementor-element-a0ba5f5 elementor-widget elementor-widget-spacer\" data-id=\"a0ba5f5\" data-element_type=\"widget\" data-widget_type=\"spacer.default\">\n\t\t\t\t\t\t\t<div class=\"elementor-spacer\">\n\t\t\t<div class=\"elementor-spacer-inner\"><\/div>\n\t\t<\/div>\n\t\t\t\t\t\t<\/div>\n\t\t\t\t\t<\/div>\n\t\t\t\t<\/div>\n\t\t\t\t<\/div>\n\t\t","protected":false},"excerpt":{"rendered":"<p>Pisos Ep\u00f3xicos con Hojuelas Estos pisos Epoxy Flakes son un sistema decorativo que combina durabilidad con la \u00e9stetica de hojuelas [&hellip;]<\/p>\n","protected":false},"author":1,"featured_media":0,"parent":0,"menu_order":0,"comment_status":"closed","ping_status":"closed","template":"","meta":{"site-sidebar-layout":"no-sidebar","site-content-layout":"plain-container","ast-site-content-layout":"default","site-content-style":"default","site-sidebar-style":"default","ast-global-header-display":"","ast-banner-title-visibility":"","ast-main-header-display":"","ast-hfb-above-header-display":"","ast-hfb-below-header-display":"","ast-hfb-mobile-header-display":"","site-post-title":"disabled","ast-breadcrumbs-content":"","ast-featured-img":"disabled","footer-sml-layout":"","theme-transparent-header-meta":"default","adv-header-id-meta":"","stick-header-meta":"","header-above-stick-meta":"","header-main-stick-meta":"","header-below-stick-meta":"","astra-migrate-meta-layouts":"set","ast-page-background-enabled":"default","ast-page-background-meta":{"desktop":{"background-color":"var(--ast-global-color-5)","background-image":"","background-repeat":"repeat","background-position":"center center","background-size":"auto","background-attachment":"scroll","background-type":"","background-media":"","overlay-type":"","overlay-color":"","overlay-opacity":"","overlay-gradient":""},"tablet":{"background-color":"","background-image":"","background-repeat":"repeat","background-position":"center center","background-size":"auto","background-attachment":"scroll","background-type":"","background-media":"","overlay-type":"","overlay-color":"","overlay-opacity":"","overlay-gradient":""},"mobile":{"background-color":"","background-image":"","background-repeat":"repeat","background-position":"center center","background-size":"auto","background-attachment":"scroll","background-type":"","background-media":"","overlay-type":"","overlay-color":"","overlay-opacity":"","overlay-gradient":""}},"ast-content-background-meta":{"desktop":{"background-color":"var(--ast-global-color-4)","background-image":"","background-repeat":"repeat","background-position":"center center","background-size":"auto","background-attachment":"scroll","background-type":"","background-media":"","overlay-type":"","overlay-color":"","overlay-opacity":"","overlay-gradient":""},"tablet":{"background-color":"var(--ast-global-color-4)","background-image":"","background-repeat":"repeat","background-position":"center center","background-size":"auto","background-attachment":"scroll","background-type":"","background-media":"","overlay-type":"","overlay-color":"","overlay-opacity":"","overlay-gradient":""},"mobile":{"background-color":"var(--ast-global-color-4)","background-image":"","background-repeat":"repeat","background-position":"center center","background-size":"auto","background-attachment":"scroll","background-type":"","background-media":"","overlay-type":"","overlay-color":"","overlay-opacity":"","overlay-gradient":""}},"footnotes":""},"class_list":["post-14","page","type-page","status-publish","hentry"],"_links":{"self":[{"href":"https:\/\/liquidstone.mx\/index.php\/wp-json\/wp\/v2\/pages\/14","targetHints":{"allow":["GET"]}}],"collection":[{"href":"https:\/\/liquidstone.mx\/index.php\/wp-json\/wp\/v2\/pages"}],"about":[{"href":"https:\/\/liquidstone.mx\/index.php\/wp-json\/wp\/v2\/types\/page"}],"author":[{"embeddable":true,"href":"https:\/\/liquidstone.mx\/index.php\/wp-json\/wp\/v2\/users\/1"}],"replies":[{"embeddable":true,"href":"https:\/\/liquidstone.mx\/index.php\/wp-json\/wp\/v2\/comments?post=14"}],"version-history":[{"count":50,"href":"https:\/\/liquidstone.mx\/index.php\/wp-json\/wp\/v2\/pages\/14\/revisions"}],"predecessor-version":[{"id":455,"href":"https:\/\/liquidstone.mx\/index.php\/wp-json\/wp\/v2\/pages\/14\/revisions\/455"}],"wp:attachment":[{"href":"https:\/\/liquidstone.mx\/index.php\/wp-json\/wp\/v2\/media?parent=14"}],"curies":[{"name":"wp","href":"https:\/\/api.w.org\/{rel}","templated":true}]}}