{"id":12,"date":"2025-08-15T19:28:10","date_gmt":"2025-08-15T19:28:10","guid":{"rendered":"https:\/\/liquidstone.mx\/?page_id=12"},"modified":"2025-09-26T22:42:14","modified_gmt":"2025-09-26T22:42:14","slug":"pisos-epoxicos-metalicos","status":"publish","type":"page","link":"https:\/\/liquidstone.mx\/index.php\/pisos-epoxicos-metalicos\/","title":{"rendered":"Pisos Ep\u00f3xicos M\u00e9talicos"},"content":{"rendered":"\t\t<div data-elementor-type=\"wp-page\" data-elementor-id=\"12\" class=\"elementor elementor-12\">\n\t\t\t\t<div class=\"elementor-element elementor-element-7d1a196 e-flex e-con-boxed e-con e-parent\" data-id=\"7d1a196\" data-element_type=\"container\" data-settings=\"{&quot;background_background&quot;:&quot;classic&quot;}\">\n\t\t\t\t\t<div class=\"e-con-inner\">\n\t\t\t\t<div class=\"elementor-element elementor-element-05c6242 elementor-widget elementor-widget-spacer\" data-id=\"05c6242\" data-element_type=\"widget\" data-widget_type=\"spacer.default\">\n\t\t\t\t\t\t\t<div class=\"elementor-spacer\">\n\t\t\t<div class=\"elementor-spacer-inner\"><\/div>\n\t\t<\/div>\n\t\t\t\t\t\t<\/div>\n\t\t\t\t<div class=\"elementor-element elementor-element-c882f87 elementor-invisible elementor-widget elementor-widget-heading\" data-id=\"c882f87\" data-element_type=\"widget\" data-settings=\"{&quot;_animation&quot;:&quot;slideInLeft&quot;}\" data-widget_type=\"heading.default\">\n\t\t\t\t\t<h1 class=\"elementor-heading-title elementor-size-default\">PISOS EP\u00d3XICOS M\u00c9TALICOS<\/h1>\t\t\t\t<\/div>\n\t\t\t\t<div class=\"elementor-element elementor-element-7a4373e elementor-widget elementor-widget-spacer\" data-id=\"7a4373e\" data-element_type=\"widget\" data-widget_type=\"spacer.default\">\n\t\t\t\t\t\t\t<div class=\"elementor-spacer\">\n\t\t\t<div class=\"elementor-spacer-inner\"><\/div>\n\t\t<\/div>\n\t\t\t\t\t\t<\/div>\n\t\t\t\t\t<\/div>\n\t\t\t\t<\/div>\n\t\t<div class=\"elementor-element elementor-element-b1a09d1 e-flex e-con-boxed e-con e-parent\" data-id=\"b1a09d1\" data-element_type=\"container\">\n\t\t\t\t\t<div class=\"e-con-inner\">\n\t\t<div class=\"elementor-element elementor-element-d366fd2 e-con-full e-flex e-con e-child\" data-id=\"d366fd2\" data-element_type=\"container\">\n\t\t\t\t<div class=\"elementor-element elementor-element-f7bd304 elementor-widget elementor-widget-text-editor\" data-id=\"f7bd304\" data-element_type=\"widget\" data-widget_type=\"text-editor.default\">\n\t\t\t\t\t\t\t\t\t<p><span style=\"color: #ffffff;\"><strong>LOS PISOS EP\u00d3XICOS M\u00c9TALICOS<\/strong> son un recubrimiento de alta gama que combina la resistencia industrial de la resina ep\u00f3xica con pigmentos met\u00e1licos especiales, creando acabados con efecto tridimensional y profundidad visual \u00fanica.<\/span><br \/><span style=\"color: #ffffff;\">Cada piso es exclusivo e irrepetible, lo que garantiza un dise\u00f1o personalizado para cada proyecto.<\/span><\/p>\t\t\t\t\t\t\t\t<\/div>\n\t\t\t\t<\/div>\n\t\t<div class=\"elementor-element elementor-element-9d21a3f e-con-full e-flex e-con e-child\" data-id=\"9d21a3f\" data-element_type=\"container\">\n\t\t\t\t<div class=\"elementor-element elementor-element-8be9f19 elementor-invisible elementor-widget elementor-widget-image\" data-id=\"8be9f19\" data-element_type=\"widget\" data-settings=\"{&quot;_animation&quot;:&quot;slideInDown&quot;}\" data-widget_type=\"image.default\">\n\t\t\t\t\t\t\t\t\t\t\t\t\t\t\t<img fetchpriority=\"high\" decoding=\"async\" width=\"768\" height=\"768\" src=\"https:\/\/liquidstone.mx\/wp-content\/uploads\/2025\/09\/preparacion-epoxica-768x768.jpeg\" class=\"attachment-medium_large size-medium_large wp-image-278\" alt=\"\" srcset=\"https:\/\/liquidstone.mx\/wp-content\/uploads\/2025\/09\/preparacion-epoxica-768x768.jpeg 768w, https:\/\/liquidstone.mx\/wp-content\/uploads\/2025\/09\/preparacion-epoxica-300x300.jpeg 300w, https:\/\/liquidstone.mx\/wp-content\/uploads\/2025\/09\/preparacion-epoxica-150x150.jpeg 150w, https:\/\/liquidstone.mx\/wp-content\/uploads\/2025\/09\/preparacion-epoxica.jpeg 1024w\" sizes=\"(max-width: 768px) 100vw, 768px\" \/>\t\t\t\t\t\t\t\t\t\t\t\t\t\t\t<\/div>\n\t\t\t\t<\/div>\n\t\t\t\t\t<\/div>\n\t\t\t\t<\/div>\n\t\t<div class=\"elementor-element elementor-element-95964a8 e-flex e-con-boxed e-con e-parent\" data-id=\"95964a8\" data-element_type=\"container\">\n\t\t\t\t\t<div class=\"e-con-inner\">\n\t\t\t\t<div class=\"elementor-element elementor-element-797dd86 elementor-widget elementor-widget-heading\" data-id=\"797dd86\" data-element_type=\"widget\" data-widget_type=\"heading.default\">\n\t\t\t\t\t<h2 class=\"elementor-heading-title elementor-size-default\">VENTAJAS COMPETITIVAS<\/h2>\t\t\t\t<\/div>\n\t\t\t\t\t<\/div>\n\t\t\t\t<\/div>\n\t\t<div class=\"elementor-element elementor-element-fa5cf28 e-flex e-con-boxed e-con e-parent\" data-id=\"fa5cf28\" data-element_type=\"container\">\n\t\t\t\t\t<div class=\"e-con-inner\">\n\t\t<div class=\"elementor-element elementor-element-777dc36 e-con-full e-flex e-con e-child\" data-id=\"777dc36\" data-element_type=\"container\">\n\t\t\t\t<div class=\"elementor-element elementor-element-9107246 elementor-invisible elementor-widget elementor-widget-text-editor\" data-id=\"9107246\" data-element_type=\"widget\" data-settings=\"{&quot;_animation&quot;:&quot;bounceIn&quot;}\" data-widget_type=\"text-editor.default\">\n\t\t\t\t\t\t\t\t\t<h3>\u00a0<\/h3><p>\u00a0<\/p><h3 style=\"text-align: center;\"><span style=\"color: #ffffff;\">IMPERMEA<\/span><span style=\"color: #ffffff;\">BLE<\/span><\/h3><p>\u00a0<\/p><p>\u00a0<\/p>\t\t\t\t\t\t\t\t<\/div>\n\t\t\t\t<\/div>\n\t\t<div class=\"elementor-element elementor-element-488e238 e-con-full e-flex e-con e-child\" data-id=\"488e238\" data-element_type=\"container\">\n\t\t\t\t<div class=\"elementor-element elementor-element-983f2f5 elementor-invisible elementor-widget elementor-widget-text-editor\" data-id=\"983f2f5\" data-element_type=\"widget\" data-settings=\"{&quot;_animation&quot;:&quot;bounceIn&quot;}\" data-widget_type=\"text-editor.default\">\n\t\t\t\t\t\t\t\t\t<p>\u00a0<\/p><h3>\u00a0<\/h3><h3 style=\"text-align: center;\"><span style=\"color: #ffffff;\"><strong>GARANT\u00cdA<\/strong><\/span><\/h3><p>\u00a0<\/p><p>\u00a0<\/p>\t\t\t\t\t\t\t\t<\/div>\n\t\t\t\t<\/div>\n\t\t<div class=\"elementor-element elementor-element-d31e85d e-con-full e-flex e-con e-child\" data-id=\"d31e85d\" data-element_type=\"container\">\n\t\t\t\t<div class=\"elementor-element elementor-element-39d9e9a elementor-invisible elementor-widget elementor-widget-text-editor\" data-id=\"39d9e9a\" data-element_type=\"widget\" data-settings=\"{&quot;_animation&quot;:&quot;bounceIn&quot;}\" data-widget_type=\"text-editor.default\">\n\t\t\t\t\t\t\t\t\t<p>\u00a0<\/p><h4>\u00a0<\/h4><h4 style=\"text-align: center;\"><strong><span style=\"color: #ffffff;\">ALTA RESISTENCIA<\/span><\/strong><\/h4><p>\u00a0<\/p><p>\u00a0<\/p>\t\t\t\t\t\t\t\t<\/div>\n\t\t\t\t<\/div>\n\t\t<div class=\"elementor-element elementor-element-ce1e3ea e-con-full e-flex e-con e-child\" data-id=\"ce1e3ea\" data-element_type=\"container\">\n\t\t\t\t<div class=\"elementor-element elementor-element-dbf7cb1 elementor-widget__width-initial elementor-invisible elementor-widget elementor-widget-text-editor\" data-id=\"dbf7cb1\" data-element_type=\"widget\" data-settings=\"{&quot;_animation&quot;:&quot;bounceIn&quot;}\" data-widget_type=\"text-editor.default\">\n\t\t\t\t\t\t\t\t\t<h4><strong>\u00a0<\/strong><\/h4><h4>\u00a0<\/h4><h4 style=\"text-align: center;\"><strong><span style=\"color: #ffffff;\">F\u00c1CIL LIMPIEZA <\/span><\/strong><\/h4><h4 style=\"text-align: center;\"><strong><span style=\"color: #ffffff;\">Y BAJO MTTO<\/span><\/strong><\/h4><p>\u00a0<\/p>\t\t\t\t\t\t\t\t<\/div>\n\t\t\t\t<\/div>\n\t\t\t\t\t<\/div>\n\t\t\t\t<\/div>\n\t\t<div class=\"elementor-element elementor-element-5ff6fb4 e-flex e-con-boxed e-con e-parent\" data-id=\"5ff6fb4\" data-element_type=\"container\">\n\t\t\t\t\t<div class=\"e-con-inner\">\n\t\t<div class=\"elementor-element elementor-element-22b7a49 e-con-full e-flex e-con e-child\" data-id=\"22b7a49\" data-element_type=\"container\">\n\t\t\t\t<div class=\"elementor-element elementor-element-4d4f395 elementor-widget elementor-widget-heading\" data-id=\"4d4f395\" data-element_type=\"widget\" data-widget_type=\"heading.default\">\n\t\t\t\t\t<h2 class=\"elementor-heading-title elementor-size-default\">IDEAL PARA M\u00daLTIPLES ESPACIOS<\/h2>\t\t\t\t<\/div>\n\t\t\t\t<div class=\"elementor-element elementor-element-22f6b34 elementor-widget elementor-widget-text-editor\" data-id=\"22f6b34\" data-element_type=\"widget\" data-widget_type=\"text-editor.default\">\n\t\t\t\t\t\t\t\t\t<ul><li>Residencias (salas, cocinas, rec\u00e1maras).<\/li><li>Oficinas y recepciones.<\/li><li>Tiendas, boutiques y showrooms.<\/li><li>Restaurantes, bares y hoteles.<\/li><li>Galer\u00edas y espacios art\u00edsticos.<\/li><\/ul>\t\t\t\t\t\t\t\t<\/div>\n\t\t\t\t<\/div>\n\t\t<div class=\"elementor-element elementor-element-e67b1d3 e-con-full e-flex e-con e-child\" data-id=\"e67b1d3\" data-element_type=\"container\">\n\t\t\t\t<div class=\"elementor-element elementor-element-9ff88ef elementor-invisible elementor-widget elementor-widget-image\" data-id=\"9ff88ef\" data-element_type=\"widget\" data-settings=\"{&quot;_animation&quot;:&quot;slideInRight&quot;}\" data-widget_type=\"image.default\">\n\t\t\t\t\t\t\t\t\t\t\t\t\t\t\t<img decoding=\"async\" width=\"500\" height=\"500\" src=\"https:\/\/liquidstone.mx\/wp-content\/uploads\/2025\/09\/PISO-EPOXICO-METALICO-APLICADO.jpg\" class=\"attachment-large size-large wp-image-259\" alt=\"\" srcset=\"https:\/\/liquidstone.mx\/wp-content\/uploads\/2025\/09\/PISO-EPOXICO-METALICO-APLICADO.jpg 500w, https:\/\/liquidstone.mx\/wp-content\/uploads\/2025\/09\/PISO-EPOXICO-METALICO-APLICADO-300x300.jpg 300w, https:\/\/liquidstone.mx\/wp-content\/uploads\/2025\/09\/PISO-EPOXICO-METALICO-APLICADO-150x150.jpg 150w\" sizes=\"(max-width: 500px) 100vw, 500px\" \/>\t\t\t\t\t\t\t\t\t\t\t\t\t\t\t<\/div>\n\t\t\t\t<\/div>\n\t\t\t\t\t<\/div>\n\t\t\t\t<\/div>\n\t\t<div class=\"elementor-element elementor-element-2312dcd e-flex e-con-boxed e-con e-parent\" data-id=\"2312dcd\" data-element_type=\"container\">\n\t\t\t\t\t<div class=\"e-con-inner\">\n\t\t\t\t<div class=\"elementor-element elementor-element-81e24c0 elementor-widget elementor-widget-spacer\" data-id=\"81e24c0\" data-element_type=\"widget\" data-widget_type=\"spacer.default\">\n\t\t\t\t\t\t\t<div class=\"elementor-spacer\">\n\t\t\t<div class=\"elementor-spacer-inner\"><\/div>\n\t\t<\/div>\n\t\t\t\t\t\t<\/div>\n\t\t\t\t\t<\/div>\n\t\t\t\t<\/div>\n\t\t<div class=\"elementor-element elementor-element-ad0211b e-flex e-con-boxed e-con e-parent\" data-id=\"ad0211b\" data-element_type=\"container\">\n\t\t\t\t\t<div class=\"e-con-inner\">\n\t\t\t\t<div class=\"elementor-element elementor-element-4949662 elementor-widget elementor-widget-heading\" data-id=\"4949662\" data-element_type=\"widget\" data-widget_type=\"heading.default\">\n\t\t\t\t\t<h2 class=\"elementor-heading-title elementor-size-default\">OPCIONES DE INSTALACI\u00d3N<\/h2>\t\t\t\t<\/div>\n\t\t\t\t\t<\/div>\n\t\t\t\t<\/div>\n\t\t<div class=\"elementor-element elementor-element-d10f957 e-flex e-con-boxed e-con e-parent\" data-id=\"d10f957\" data-element_type=\"container\">\n\t\t\t\t\t<div class=\"e-con-inner\">\n\t\t<div class=\"elementor-element elementor-element-6313fe4 e-grid e-con-full e-con e-child\" data-id=\"6313fe4\" data-element_type=\"container\">\n\t\t\t\t<div class=\"elementor-element elementor-element-ce4b467 elementor-view-default elementor-position-top elementor-mobile-position-top elementor-widget elementor-widget-icon-box\" data-id=\"ce4b467\" data-element_type=\"widget\" data-widget_type=\"icon-box.default\">\n\t\t\t\t\t\t\t<div class=\"elementor-icon-box-wrapper\">\n\n\t\t\t\t\t\t<div class=\"elementor-icon-box-icon\">\n\t\t\t\t<span  class=\"elementor-icon\">\n\t\t\t\t<svg aria-hidden=\"true\" class=\"e-font-icon-svg e-fas-paint-brush\" viewBox=\"0 0 512 512\" xmlns=\"http:\/\/www.w3.org\/2000\/svg\"><path d=\"M167.02 309.34c-40.12 2.58-76.53 17.86-97.19 72.3-2.35 6.21-8 9.98-14.59 9.98-11.11 0-45.46-27.67-55.25-34.35C0 439.62 37.93 512 128 512c75.86 0 128-43.77 128-120.19 0-3.11-.65-6.08-.97-9.13l-88.01-73.34zM457.89 0c-15.16 0-29.37 6.71-40.21 16.45C213.27 199.05 192 203.34 192 257.09c0 13.7 3.25 26.76 8.73 38.7l63.82 53.18c7.21 1.8 14.64 3.03 22.39 3.03 62.11 0 98.11-45.47 211.16-256.46 7.38-14.35 13.9-29.85 13.9-45.99C512 20.64 486 0 457.89 0z\"><\/path><\/svg>\t\t\t\t<\/span>\n\t\t\t<\/div>\n\t\t\t\n\t\t\t\t\t\t<div class=\"elementor-icon-box-content\">\n\n\t\t\t\t\t\t\t\t\t<h3 class=\"elementor-icon-box-title\">\n\t\t\t\t\t\t<span  >\n\t\t\t\t\t\t\tColores\t\t\t\t\t\t<\/span>\n\t\t\t\t\t<\/h3>\n\t\t\t\t\n\t\t\t\t\t\t\t\t\t<p class=\"elementor-icon-box-description\">\n\t\t\t\t\t\tColores s\u00f3lidos, degradados o combinaciones personalizadas.\t\t\t\t\t<\/p>\n\t\t\t\t\n\t\t\t<\/div>\n\t\t\t\n\t\t<\/div>\n\t\t\t\t\t\t<\/div>\n\t\t\t\t<div class=\"elementor-element elementor-element-ec0029c elementor-view-default elementor-position-top elementor-mobile-position-top elementor-widget elementor-widget-icon-box\" data-id=\"ec0029c\" data-element_type=\"widget\" data-widget_type=\"icon-box.default\">\n\t\t\t\t\t\t\t<div class=\"elementor-icon-box-wrapper\">\n\n\t\t\t\t\t\t<div class=\"elementor-icon-box-icon\">\n\t\t\t\t<span  class=\"elementor-icon\">\n\t\t\t\t<svg aria-hidden=\"true\" class=\"e-font-icon-svg e-fas-stroopwafel\" viewBox=\"0 0 512 512\" xmlns=\"http:\/\/www.w3.org\/2000\/svg\"><path d=\"M188.12 210.74L142.86 256l45.25 45.25L233.37 256l-45.25-45.26zm113.13-22.62L256 142.86l-45.25 45.25L256 233.37l45.25-45.25zm-90.5 135.76L256 369.14l45.26-45.26L256 278.63l-45.25 45.25zM256 0C114.62 0 0 114.62 0 256s114.62 256 256 256 256-114.62 256-256S397.38 0 256 0zm186.68 295.6l-11.31 11.31c-3.12 3.12-8.19 3.12-11.31 0l-28.29-28.29-45.25 45.25 33.94 33.94 16.97-16.97c3.12-3.12 8.19-3.12 11.31 0l11.31 11.31c3.12 3.12 3.12 8.19 0 11.31l-16.97 16.97 16.97 16.97c3.12 3.12 3.12 8.19 0 11.31l-11.31 11.31c-3.12 3.12-8.19 3.12-11.31 0l-16.97-16.97-16.97 16.97c-3.12 3.12-8.19 3.12-11.31 0l-11.31-11.31c-3.12-3.12-3.12-8.19 0-11.31l16.97-16.97-33.94-33.94-45.26 45.26 28.29 28.29c3.12 3.12 3.12 8.19 0 11.31l-11.31 11.31c-3.12 3.12-8.19 3.12-11.31 0L256 414.39l-28.29 28.29c-3.12 3.12-8.19 3.12-11.31 0l-11.31-11.31c-3.12-3.12-3.12-8.19 0-11.31l28.29-28.29-45.25-45.26-33.94 33.94 16.97 16.97c3.12 3.12 3.12 8.19 0 11.31l-11.31 11.31c-3.12 3.12-8.19 3.12-11.31 0l-16.97-16.97-16.97 16.97c-3.12 3.12-8.19 3.12-11.31 0l-11.31-11.31c-3.12-3.12-3.12-8.19 0-11.31l16.97-16.97-16.97-16.97c-3.12-3.12-3.12-8.19 0-11.31l11.31-11.31c3.12-3.12 8.19-3.12 11.31 0l16.97 16.97 33.94-33.94-45.25-45.25-28.29 28.29c-3.12 3.12-8.19 3.12-11.31 0L69.32 295.6c-3.12-3.12-3.12-8.19 0-11.31L97.61 256l-28.29-28.29c-3.12-3.12-3.12-8.19 0-11.31l11.31-11.31c3.12-3.12 8.19-3.12 11.31 0l28.29 28.29 45.25-45.26-33.94-33.94-16.97 16.97c-3.12 3.12-8.19 3.12-11.31 0l-11.31-11.31c-3.12-3.12-3.12-8.19 0-11.31l16.97-16.97-16.97-16.97c-3.12-3.12-3.12-8.19 0-11.31l11.31-11.31c3.12-3.12 8.19-3.12 11.31 0l16.97 16.97 16.97-16.97c3.12-3.12 8.19-3.12 11.31 0l11.31 11.31c3.12 3.12 3.12 8.19 0 11.31l-16.97 16.97 33.94 33.94 45.26-45.25-28.29-28.29c-3.12-3.12-3.12-8.19 0-11.31l11.31-11.31c3.12-3.12 8.19-3.12 11.31 0L256 97.61l28.29-28.29c3.12-3.12 8.19-3.12 11.31 0l11.31 11.31c3.12 3.12 3.12 8.19 0 11.31l-28.29 28.29 45.26 45.25 33.94-33.94-16.97-16.97c-3.12-3.12-3.12-8.19 0-11.31l11.31-11.31c3.12-3.12 8.19-3.12 11.31 0l16.97 16.97 16.97-16.97c3.12-3.12 8.19-3.12 11.31 0l11.31 11.31c3.12 3.12 3.12 8.19 0 11.31l-16.97 16.97 16.97 16.97c3.12 3.12 3.12 8.19 0 11.31l-11.31 11.31c-3.12 3.12-8.19 3.12-11.31 0l-16.97-16.97-33.94 33.94 45.25 45.26 28.29-28.29c3.12-3.12 8.19-3.12 11.31 0l11.31 11.31c3.12 3.12 3.12 8.19 0 11.31L414.39 256l28.29 28.28a8.015 8.015 0 0 1 0 11.32zM278.63 256l45.26 45.25L369.14 256l-45.25-45.26L278.63 256z\"><\/path><\/svg>\t\t\t\t<\/span>\n\t\t\t<\/div>\n\t\t\t\n\t\t\t\t\t\t<div class=\"elementor-icon-box-content\">\n\n\t\t\t\t\t\t\t\t\t<h3 class=\"elementor-icon-box-title\">\n\t\t\t\t\t\t<span  >\n\t\t\t\t\t\t\tEfectos\t\t\t\t\t\t<\/span>\n\t\t\t\t\t<\/h3>\n\t\t\t\t\n\t\t\t\t\t\t\t\t\t<p class=\"elementor-icon-box-description\">\n\t\t\t\t\t\tEfectos met\u00e1licos de una o varias capas.\t\t\t\t\t<\/p>\n\t\t\t\t\n\t\t\t<\/div>\n\t\t\t\n\t\t<\/div>\n\t\t\t\t\t\t<\/div>\n\t\t\t\t<div class=\"elementor-element elementor-element-de27e38 elementor-view-default elementor-position-top elementor-mobile-position-top elementor-widget elementor-widget-icon-box\" data-id=\"de27e38\" data-element_type=\"widget\" data-widget_type=\"icon-box.default\">\n\t\t\t\t\t\t\t<div class=\"elementor-icon-box-wrapper\">\n\n\t\t\t\t\t\t<div class=\"elementor-icon-box-icon\">\n\t\t\t\t<span  class=\"elementor-icon\">\n\t\t\t\t<svg aria-hidden=\"true\" class=\"e-font-icon-svg e-fas-star\" viewBox=\"0 0 576 512\" xmlns=\"http:\/\/www.w3.org\/2000\/svg\"><path d=\"M259.3 17.8L194 150.2 47.9 171.5c-26.2 3.8-36.7 36.1-17.7 54.6l105.7 103-25 145.5c-4.5 26.3 23.2 46 46.4 33.7L288 439.6l130.7 68.7c23.2 12.2 50.9-7.4 46.4-33.7l-25-145.5 105.7-103c19-18.5 8.5-50.8-17.7-54.6L382 150.2 316.7 17.8c-11.7-23.6-45.6-23.9-57.4 0z\"><\/path><\/svg>\t\t\t\t<\/span>\n\t\t\t<\/div>\n\t\t\t\n\t\t\t\t\t\t<div class=\"elementor-icon-box-content\">\n\n\t\t\t\t\t\t\t\t\t<h3 class=\"elementor-icon-box-title\">\n\t\t\t\t\t\t<span  >\n\t\t\t\t\t\t\tAcabados\t\t\t\t\t\t<\/span>\n\t\t\t\t\t<\/h3>\n\t\t\t\t\n\t\t\t\t\t\t\t\t\t<p class=\"elementor-icon-box-description\">\n\t\t\t\t\t\tAcabados de alta reflexi\u00f3n o efecto satinado.\t\t\t\t\t<\/p>\n\t\t\t\t\n\t\t\t<\/div>\n\t\t\t\n\t\t<\/div>\n\t\t\t\t\t\t<\/div>\n\t\t\t\t<\/div>\n\t\t\t\t<div class=\"elementor-element elementor-element-9ad1fd1 elementor-widget elementor-widget-spacer\" data-id=\"9ad1fd1\" data-element_type=\"widget\" data-widget_type=\"spacer.default\">\n\t\t\t\t\t\t\t<div class=\"elementor-spacer\">\n\t\t\t<div class=\"elementor-spacer-inner\"><\/div>\n\t\t<\/div>\n\t\t\t\t\t\t<\/div>\n\t\t\t\t\t<\/div>\n\t\t\t\t<\/div>\n\t\t<div class=\"elementor-element elementor-element-28eb1e4 e-flex e-con-boxed elementor-invisible e-con e-parent\" data-id=\"28eb1e4\" data-element_type=\"container\" data-settings=\"{&quot;background_background&quot;:&quot;classic&quot;,&quot;animation&quot;:&quot;zoomIn&quot;}\">\n\t\t\t\t\t<div class=\"e-con-inner\">\n\t\t\t\t<div class=\"elementor-element elementor-element-defe46b elementor-widget elementor-widget-spacer\" data-id=\"defe46b\" data-element_type=\"widget\" data-widget_type=\"spacer.default\">\n\t\t\t\t\t\t\t<div class=\"elementor-spacer\">\n\t\t\t<div class=\"elementor-spacer-inner\"><\/div>\n\t\t<\/div>\n\t\t\t\t\t\t<\/div>\n\t\t\t\t<div class=\"elementor-element elementor-element-711edba elementor-widget elementor-widget-heading\" data-id=\"711edba\" data-element_type=\"widget\" data-widget_type=\"heading.default\">\n\t\t\t\t\t<h2 class=\"elementor-heading-title elementor-size-default\">COTIZA AHORA<\/h2>\t\t\t\t<\/div>\n\t\t\t\t<div class=\"elementor-element elementor-element-6767c5d elementor-widget elementor-widget-text-editor\" data-id=\"6767c5d\" data-element_type=\"widget\" data-widget_type=\"text-editor.default\">\n\t\t\t\t\t\t\t\t\t<p><span style=\"color: #ffffff;\">Colores s\u00f3lidos, degradados o combinaciones personalizadas. Efectos met\u00e1licos de una o varias capas. Acabados de alta reflexi\u00f3n o efecto satinado.<\/span><\/p>\t\t\t\t\t\t\t\t<\/div>\n\t\t\t\t<div class=\"elementor-element elementor-element-7be3635 elementor-widget elementor-widget-button\" data-id=\"7be3635\" data-element_type=\"widget\" data-widget_type=\"button.default\">\n\t\t\t\t\t\t\t\t\t\t<a class=\"elementor-button elementor-button-link elementor-size-sm\" href=\"tel:8111000804\">\n\t\t\t\t\t\t<span class=\"elementor-button-content-wrapper\">\n\t\t\t\t\t\t\t\t\t<span class=\"elementor-button-text\">Haz clic aqu\u00ed<\/span>\n\t\t\t\t\t<\/span>\n\t\t\t\t\t<\/a>\n\t\t\t\t\t\t\t\t<\/div>\n\t\t\t\t<div class=\"elementor-element elementor-element-527a0ab elementor-widget elementor-widget-spacer\" data-id=\"527a0ab\" data-element_type=\"widget\" data-widget_type=\"spacer.default\">\n\t\t\t\t\t\t\t<div class=\"elementor-spacer\">\n\t\t\t<div class=\"elementor-spacer-inner\"><\/div>\n\t\t<\/div>\n\t\t\t\t\t\t<\/div>\n\t\t\t\t\t<\/div>\n\t\t\t\t<\/div>\n\t\t\t\t<\/div>\n\t\t","protected":false},"excerpt":{"rendered":"<p>PISOS EP\u00d3XICOS M\u00c9TALICOS LOS PISOS EP\u00d3XICOS M\u00c9TALICOS son un recubrimiento de alta gama que combina la resistencia industrial de la [&hellip;]<\/p>\n","protected":false},"author":1,"featured_media":0,"parent":0,"menu_order":0,"comment_status":"closed","ping_status":"closed","template":"","meta":{"site-sidebar-layout":"no-sidebar","site-content-layout":"","ast-site-content-layout":"full-width-container","site-content-style":"default","site-sidebar-style":"default","ast-global-header-display":"","ast-banner-title-visibility":"","ast-main-header-display":"","ast-hfb-above-header-display":"","ast-hfb-below-header-display":"","ast-hfb-mobile-header-display":"","site-post-title":"disabled","ast-breadcrumbs-content":"","ast-featured-img":"","footer-sml-layout":"","theme-transparent-header-meta":"default","adv-header-id-meta":"","stick-header-meta":"","header-above-stick-meta":"","header-main-stick-meta":"","header-below-stick-meta":"","astra-migrate-meta-layouts":"set","ast-page-background-enabled":"default","ast-page-background-meta":{"desktop":{"background-color":"var(--ast-global-color-5)","background-image":"","background-repeat":"repeat","background-position":"center center","background-size":"auto","background-attachment":"scroll","background-type":"","background-media":"","overlay-type":"","overlay-color":"","overlay-opacity":"","overlay-gradient":""},"tablet":{"background-color":"","background-image":"","background-repeat":"repeat","background-position":"center center","background-size":"auto","background-attachment":"scroll","background-type":"","background-media":"","overlay-type":"","overlay-color":"","overlay-opacity":"","overlay-gradient":""},"mobile":{"background-color":"","background-image":"","background-repeat":"repeat","background-position":"center center","background-size":"auto","background-attachment":"scroll","background-type":"","background-media":"","overlay-type":"","overlay-color":"","overlay-opacity":"","overlay-gradient":""}},"ast-content-background-meta":{"desktop":{"background-color":"var(--ast-global-color-4)","background-image":"","background-repeat":"repeat","background-position":"center center","background-size":"auto","background-attachment":"scroll","background-type":"","background-media":"","overlay-type":"","overlay-color":"","overlay-opacity":"","overlay-gradient":""},"tablet":{"background-color":"var(--ast-global-color-4)","background-image":"","background-repeat":"repeat","background-position":"center center","background-size":"auto","background-attachment":"scroll","background-type":"","background-media":"","overlay-type":"","overlay-color":"","overlay-opacity":"","overlay-gradient":""},"mobile":{"background-color":"var(--ast-global-color-4)","background-image":"","background-repeat":"repeat","background-position":"center center","background-size":"auto","background-attachment":"scroll","background-type":"","background-media":"","overlay-type":"","overlay-color":"","overlay-opacity":"","overlay-gradient":""}},"footnotes":""},"class_list":["post-12","page","type-page","status-publish","hentry"],"_links":{"self":[{"href":"https:\/\/liquidstone.mx\/index.php\/wp-json\/wp\/v2\/pages\/12","targetHints":{"allow":["GET"]}}],"collection":[{"href":"https:\/\/liquidstone.mx\/index.php\/wp-json\/wp\/v2\/pages"}],"about":[{"href":"https:\/\/liquidstone.mx\/index.php\/wp-json\/wp\/v2\/types\/page"}],"author":[{"embeddable":true,"href":"https:\/\/liquidstone.mx\/index.php\/wp-json\/wp\/v2\/users\/1"}],"replies":[{"embeddable":true,"href":"https:\/\/liquidstone.mx\/index.php\/wp-json\/wp\/v2\/comments?post=12"}],"version-history":[{"count":100,"href":"https:\/\/liquidstone.mx\/index.php\/wp-json\/wp\/v2\/pages\/12\/revisions"}],"predecessor-version":[{"id":446,"href":"https:\/\/liquidstone.mx\/index.php\/wp-json\/wp\/v2\/pages\/12\/revisions\/446"}],"wp:attachment":[{"href":"https:\/\/liquidstone.mx\/index.php\/wp-json\/wp\/v2\/media?parent=12"}],"curies":[{"name":"wp","href":"https:\/\/api.w.org\/{rel}","templated":true}]}}