{"id":10,"date":"2025-08-15T19:27:34","date_gmt":"2025-08-15T19:27:34","guid":{"rendered":"https:\/\/liquidstone.mx\/?page_id=10"},"modified":"2025-08-28T20:55:49","modified_gmt":"2025-08-28T20:55:49","slug":"liquidstone-pisos-epoxicos","status":"publish","type":"page","link":"https:\/\/liquidstone.mx\/index.php\/liquidstone-pisos-epoxicos\/","title":{"rendered":"Liquidstone &#8211; Pisos Ep\u00f3xicos"},"content":{"rendered":"<div class=\"wpb-content-wrapper\"><p>[vc_row full_width=&#8221;stretch_row_content_no_spaces&#8221; full_height=&#8221;yes&#8221; equal_height=&#8221;yes&#8221; video_bg=&#8221;yes&#8221; video_bg_url=&#8221;&#8221; css=&#8221;.vc_custom_1756395175214{background-image: url(https:\/\/liquidstone.mx\/wp-content\/uploads\/2025\/08\/liquid-stone-slide-principal.png?id=104) !important;background-position: center !important;background-repeat: no-repeat !important;background-size: cover !important;}&#8221;][vc_column width=&#8221;1\/6&#8243;][\/vc_column][vc_column width=&#8221;2\/3&#8243;][vc_row_inner content_placement=&#8221;middle&#8221; gap=&#8221;15&#8243; css=&#8221;.vc_custom_1756409051447{margin-right: 15px !important;margin-left: 15px !important;}&#8221;][vc_column_inner][vc_column_text css_animation=&#8221;left-to-right&#8221; css=&#8221;&#8221;]<\/p>\n<p style=\"text-align: left;\"><span style=\"color: #ffffff;\">Alta Resistencia y Dise\u00f1o Profesional<\/span><\/p>\n<p>[\/vc_column_text][vc_custom_heading text=&#8221;Pisos Ep\u00f3xicos Industriales y Decorativos&#8221; font_container=&#8221;tag:h1|font_size:30|text_align:left|color:%23FFFFFF&#8221; google_fonts=&#8221;font_family:Montserrat%3Aregular%2C700|font_style:700%20bold%20regular%3A700%3Anormal&#8221; css_animation=&#8221;slideInLeft&#8221; css=&#8221;.vc_custom_1756401219112{border-right-width: 5px !important;border-left-width: 5px !important;padding-top: 3px !important;padding-right: 5px !important;padding-bottom: 3px !important;padding-left: 5px !important;background-color: #061E3400 !important;background-position: center !important;background-repeat: no-repeat !important;background-size: cover !important;}&#8221;][vc_column_text css_animation=&#8221;slideInLeft&#8221; css=&#8221;.vc_custom_1756404119650{padding-right: 10px !important;padding-left: 10px !important;}&#8221;]<span style=\"color: #ffffff;\">Ofrecemos <strong>soluciones integrales<\/strong> en pisos ep\u00f3xicos: desde asesor\u00eda t\u00e9cnica y formulaci\u00f3n personalizada, hasta instalaci\u00f3n y mantenimiento posterior por personal altamente capacitado con m\u00e1s de 15 a\u00f1os de experiencia.<\/span>[\/vc_column_text][vc_btn title=&#8221;Solicita tu Cotizaci\u00f3n&#8221; size=&#8221;lg&#8221; css=&#8221;&#8221;][\/vc_column_inner][\/vc_row_inner][\/vc_column][vc_column width=&#8221;1\/6&#8243;][\/vc_column][\/vc_row][vc_row full_width=&#8221;stretch_row_content_no_spaces&#8221;][vc_column width=&#8221;1\/6&#8243;][\/vc_column][vc_column width=&#8221;2\/3&#8243;][vc_custom_heading text=&#8221;PRODUCTOS&#8221; font_container=&#8221;tag:h2|text_align:center&#8221; google_fonts=&#8221;font_family:Montserrat%3Aregular%2C700|font_style:700%20bold%20regular%3A700%3Anormal&#8221; css=&#8221;&#8221;][vc_column_text css=&#8221;&#8221;]<\/p>\n<p style=\"text-align: center;\">Nuestros<strong> pisos ep\u00f3xicos <\/strong>son recubrimientos de <strong>resina ep\u00f3xica<\/strong> dise\u00f1ados para proteger superficies en entornos exigentes. Son resistentes al <strong>impacto<\/strong>, la <strong>abrasi\u00f3n<\/strong>, y sustancias qu\u00edmicas, y ofrecen acabados <strong>brillosos<\/strong>, <strong>mate<\/strong> o <strong>texturizados<\/strong> que combinan funcionalidad con est\u00e9tica. Conoce nuestra variedad:<\/p>\n<p>[\/vc_column_text][vc_row_inner gap=&#8221;3&#8243;][vc_column_inner width=&#8221;1\/3&#8243;][vc_single_image image=&#8221;108&#8243; img_size=&#8221;full&#8221; alignment=&#8221;center&#8221; style=&#8221;vc_box_rounded&#8221; css_animation=&#8221;zoomIn&#8221; css=&#8221;&#8221;][vc_column_text css=&#8221;&#8221;]<\/p>\n<p style=\"text-align: center;\">Met\u00e1lico<\/p>\n<p>[\/vc_column_text][\/vc_column_inner][vc_column_inner width=&#8221;1\/3&#8243;][vc_single_image image=&#8221;109&#8243; img_size=&#8221;full&#8221; alignment=&#8221;center&#8221; style=&#8221;vc_box_rounded&#8221; css_animation=&#8221;zoomIn&#8221; css=&#8221;&#8221;][vc_column_text css=&#8221;&#8221;]<\/p>\n<p style=\"text-align: center;\">Hojuelas<\/p>\n<p>[\/vc_column_text][\/vc_column_inner][vc_column_inner width=&#8221;1\/3&#8243;][vc_single_image image=&#8221;110&#8243; img_size=&#8221;full&#8221; alignment=&#8221;center&#8221; style=&#8221;vc_box_rounded&#8221; onclick=&#8221;zoom&#8221; css_animation=&#8221;zoomIn&#8221; css=&#8221;&#8221;][vc_column_text css=&#8221;&#8221;]<\/p>\n<p style=\"text-align: center;\">Cuarzos<\/p>\n<p>[\/vc_column_text][\/vc_column_inner][\/vc_row_inner][vc_row_inner gap=&#8221;3&#8243;][vc_column_inner width=&#8221;1\/3&#8243;][vc_single_image image=&#8221;113&#8243; img_size=&#8221;full&#8221; alignment=&#8221;center&#8221; style=&#8221;vc_box_rounded&#8221; onclick=&#8221;zoom&#8221; css_animation=&#8221;zoomIn&#8221; css=&#8221;&#8221;][vc_column_text css=&#8221;&#8221;]<\/p>\n<p style=\"text-align: center;\">Cauchos<\/p>\n<p>[\/vc_column_text][\/vc_column_inner][vc_column_inner width=&#8221;1\/3&#8243;][vc_single_image image=&#8221;111&#8243; img_size=&#8221;full&#8221; alignment=&#8221;center&#8221; style=&#8221;vc_box_rounded&#8221; onclick=&#8221;zoom&#8221; css_animation=&#8221;zoomIn&#8221; css=&#8221;&#8221;][vc_column_text css=&#8221;&#8221;]<\/p>\n<p style=\"text-align: center;\">Piedra<\/p>\n<p>[\/vc_column_text][\/vc_column_inner][vc_column_inner width=&#8221;1\/3&#8243;][vc_single_image image=&#8221;112&#8243; img_size=&#8221;full&#8221; alignment=&#8221;center&#8221; style=&#8221;vc_box_rounded&#8221; css_animation=&#8221;zoomIn&#8221; css=&#8221;&#8221;][vc_column_text css=&#8221;&#8221;]<\/p>\n<p style=\"text-align: center;\">Vinilicos<\/p>\n<p>[\/vc_column_text][\/vc_column_inner][\/vc_row_inner][\/vc_column][vc_column width=&#8221;1\/6&#8243;][\/vc_column][\/vc_row][vc_row full_width=&#8221;stretch_row_content_no_spaces&#8221; equal_height=&#8221;yes&#8221; content_placement=&#8221;middle&#8221; css=&#8221;.vc_custom_1756409784142{margin-right: 125px !important;margin-left: 125px !important;border-right-width: 5px !important;border-left-width: 5px !important;background-color: #061E34 !important;border-color: #061E34 !important;}&#8221;][vc_column width=&#8221;1\/2&#8243;][vc_row_inner css=&#8221;.vc_custom_1756414407393{margin-right: 15px !important;margin-left: 15px !important;}&#8221;][vc_column_inner width=&#8221;1\/4&#8243;][\/vc_column_inner][vc_column_inner width=&#8221;3\/4&#8243;][vc_gallery interval=&#8221;3&#8243; images=&#8221;201,203,202&#8243; img_size=&#8221;medium&#8221; onclick=&#8221;&#8221; css=&#8221;&#8221;][\/vc_column_inner][\/vc_row_inner][\/vc_column][vc_column width=&#8221;1\/2&#8243;][vc_row_inner css=&#8221;.vc_custom_1756414414431{margin-right: 15px !important;margin-left: 15px !important;}&#8221;][vc_column_inner width=&#8221;1\/6&#8243;][\/vc_column_inner][vc_column_inner width=&#8221;2\/3&#8243;][vc_custom_heading text=&#8221;Ventajas y Beneficios&#8221; font_container=&#8221;tag:h2|text_align:left|color:%23FFFFFF&#8221; google_fonts=&#8221;font_family:Montserrat%3Aregular%2C700|font_style:700%20bold%20regular%3A700%3Anormal&#8221; css=&#8221;&#8221;][vc_empty_space height=&#8221;16px&#8221;][vc_column_text css=&#8221;&#8221;]<span style=\"color: #ffffff;\">\u2666 Resistencia qu\u00edmica frente a \u00e1cidos, solventes, grasas y aceites, lo que los hace f\u00e1ciles de limpiar y mantener.<\/span><\/p>\n<p><span style=\"color: #ffffff;\">\u2666 Acabados vers\u00e1tiles: antiderrapantes, ultra resistentes, decorativos, autonivelantes.<\/span><\/p>\n<p><span style=\"color: #ffffff;\">\u2666 Propiedades antibacteriales esenciales en entornos farmac\u00e9uticos y alimentarios.<\/span><\/p>\n<p><span style=\"color: #ffffff;\">\u2666 Adaptabilidad a temperaturas extremas y tr\u00e1nsito vehicular intenso.<\/span><\/p>\n<p><span style=\"color: #ffffff;\">\u2666 Alta resistencia al tr\u00e1fico pesado y a impactos, ideales para bodegas, plantas industriales y estacionamientos.<\/span>[\/vc_column_text][\/vc_column_inner][vc_column_inner width=&#8221;1\/6&#8243;][\/vc_column_inner][\/vc_row_inner][\/vc_column][\/vc_row][vc_row full_width=&#8221;stretch_row_content_no_spaces&#8221;][vc_column width=&#8221;1\/6&#8243;][\/vc_column][vc_column width=&#8221;2\/3&#8243;][vc_custom_heading text=&#8221;TRABAJOS REALIZADOS&#8221; font_container=&#8221;tag:h2|text_align:center&#8221; google_fonts=&#8221;font_family:Montserrat%3Aregular%2C700|font_style:700%20bold%20regular%3A700%3Anormal&#8221; css=&#8221;&#8221;][vc_column_text css=&#8221;.vc_custom_1756400737987{margin-right: 10px !important;margin-left: 10px !important;}&#8221;]<\/p>\n<p style=\"text-align: center;\">Los pisos ep\u00f3xicos de Liquidstone son ideales para aplicar en el \u00e1rea Comercial, Residencial e incluso en Farmac\u00e9uticas, Industrias Alimenticias, Automotriz y Maquiladoras.<\/p>\n<p>[\/vc_column_text][vc_row_inner gap=&#8221;3&#8243;][vc_column_inner width=&#8221;1\/3&#8243;][vc_column_text css=&#8221;&#8221;]<\/p>\n<h4 style=\"text-align: center;\"><span style=\"color: #061e34;\"><strong>LEGO<\/strong><\/span><\/h4>\n<p>[\/vc_column_text][vc_single_image image=&#8221;123&#8243; img_size=&#8221;full&#8221; alignment=&#8221;center&#8221; css_animation=&#8221;flipInX&#8221; css=&#8221;&#8221;][vc_single_image image=&#8221;124&#8243; img_size=&#8221;full&#8221; alignment=&#8221;center&#8221; css_animation=&#8221;flipInX&#8221; css=&#8221;&#8221;][\/vc_column_inner][vc_column_inner width=&#8221;1\/3&#8243;][vc_column_text css=&#8221;&#8221;]<\/p>\n<h4 style=\"text-align: center;\"><span style=\"color: #061e34;\">OMA<\/span><\/h4>\n<p>[\/vc_column_text][vc_single_image image=&#8221;125&#8243; img_size=&#8221;full&#8221; alignment=&#8221;center&#8221; css_animation=&#8221;flipInX&#8221; css=&#8221;&#8221;][vc_single_image image=&#8221;126&#8243; img_size=&#8221;full&#8221; alignment=&#8221;center&#8221; css_animation=&#8221;flipInX&#8221; css=&#8221;&#8221;][\/vc_column_inner][vc_column_inner width=&#8221;1\/3&#8243;][vc_column_text css=&#8221;&#8221;]<\/p>\n<h4 style=\"text-align: center;\"><span style=\"color: #061e34;\">RAYADOS<\/span><\/h4>\n<p>[\/vc_column_text][vc_single_image image=&#8221;127&#8243; img_size=&#8221;full&#8221; alignment=&#8221;center&#8221; css_animation=&#8221;flipInX&#8221; css=&#8221;&#8221;][vc_single_image image=&#8221;128&#8243; img_size=&#8221;full&#8221; alignment=&#8221;center&#8221; css_animation=&#8221;flipInX&#8221; css=&#8221;&#8221;][\/vc_column_inner][\/vc_row_inner][\/vc_column][vc_column width=&#8221;1\/6&#8243;][\/vc_column][\/vc_row][vc_row][vc_column][vc_column_text css=&#8221;&#8221;]<\/p>\n<h3 style=\"text-align: center;\">\u00bfListo para darle a tus instalaciones un piso durable, est\u00e9tico y seguro?<\/h3>\n<p>[\/vc_column_text][vc_btn title=&#8221;Cotiza Ahora&#8221; color=&#8221;blue&#8221; size=&#8221;lg&#8221; align=&#8221;center&#8221; css=&#8221;&#8221;][\/vc_column][\/vc_row]<\/p>\n<\/div>","protected":false},"excerpt":{"rendered":"<p>[vc_row full_width=&#8221;stretch_row_content_no_spaces&#8221; full_height=&#8221;yes&#8221; equal_height=&#8221;yes&#8221; video_bg=&#8221;yes&#8221; video_bg_url=&#8221;&#8221; css=&#8221;.vc_custom_1756395175214{background-image: url(https:\/\/liquidstone.mx\/wp-content\/uploads\/2025\/08\/liquid-stone-slide-principal.png?id=104) !important;background-position: center !important;background-repeat: no-repeat !important;background-size: cover !important;}&#8221;][vc_column width=&#8221;1\/6&#8243;][\/vc_column][vc_column width=&#8221;2\/3&#8243;][vc_row_inner content_placement=&#8221;middle&#8221; gap=&#8221;15&#8243; css=&#8221;.vc_custom_1756409051447{margin-right: [&hellip;]<\/p>\n","protected":false},"author":1,"featured_media":0,"parent":0,"menu_order":0,"comment_status":"closed","ping_status":"closed","template":"","meta":{"site-sidebar-layout":"no-sidebar","site-content-layout":"plain-container","ast-site-content-layout":"default","site-content-style":"default","site-sidebar-style":"default","ast-global-header-display":"","ast-banner-title-visibility":"","ast-main-header-display":"","ast-hfb-above-header-display":"","ast-hfb-below-header-display":"","ast-hfb-mobile-header-display":"","site-post-title":"disabled","ast-breadcrumbs-content":"","ast-featured-img":"disabled","footer-sml-layout":"","theme-transparent-header-meta":"default","adv-header-id-meta":"","stick-header-meta":"","header-above-stick-meta":"","header-main-stick-meta":"","header-below-stick-meta":"","astra-migrate-meta-layouts":"set","ast-page-background-enabled":"default","ast-page-background-meta":{"desktop":{"background-color":"var(--ast-global-color-5)","background-image":"","background-repeat":"repeat","background-position":"center center","background-size":"auto","background-attachment":"scroll","background-type":"","background-media":"","overlay-type":"","overlay-color":"","overlay-opacity":"","overlay-gradient":""},"tablet":{"background-color":"","background-image":"","background-repeat":"repeat","background-position":"center center","background-size":"auto","background-attachment":"scroll","background-type":"","background-media":"","overlay-type":"","overlay-color":"","overlay-opacity":"","overlay-gradient":""},"mobile":{"background-color":"","background-image":"","background-repeat":"repeat","background-position":"center center","background-size":"auto","background-attachment":"scroll","background-type":"","background-media":"","overlay-type":"","overlay-color":"","overlay-opacity":"","overlay-gradient":""}},"ast-content-background-meta":{"desktop":{"background-color":"var(--ast-global-color-4)","background-image":"","background-repeat":"repeat","background-position":"center center","background-size":"auto","background-attachment":"scroll","background-type":"","background-media":"","overlay-type":"","overlay-color":"","overlay-opacity":"","overlay-gradient":""},"tablet":{"background-color":"var(--ast-global-color-4)","background-image":"","background-repeat":"repeat","background-position":"center center","background-size":"auto","background-attachment":"scroll","background-type":"","background-media":"","overlay-type":"","overlay-color":"","overlay-opacity":"","overlay-gradient":""},"mobile":{"background-color":"var(--ast-global-color-4)","background-image":"","background-repeat":"repeat","background-position":"center center","background-size":"auto","background-attachment":"scroll","background-type":"","background-media":"","overlay-type":"","overlay-color":"","overlay-opacity":"","overlay-gradient":""}},"footnotes":""},"class_list":["post-10","page","type-page","status-publish","hentry"],"_links":{"self":[{"href":"https:\/\/liquidstone.mx\/index.php\/wp-json\/wp\/v2\/pages\/10","targetHints":{"allow":["GET"]}}],"collection":[{"href":"https:\/\/liquidstone.mx\/index.php\/wp-json\/wp\/v2\/pages"}],"about":[{"href":"https:\/\/liquidstone.mx\/index.php\/wp-json\/wp\/v2\/types\/page"}],"author":[{"embeddable":true,"href":"https:\/\/liquidstone.mx\/index.php\/wp-json\/wp\/v2\/users\/1"}],"replies":[{"embeddable":true,"href":"https:\/\/liquidstone.mx\/index.php\/wp-json\/wp\/v2\/comments?post=10"}],"version-history":[{"count":84,"href":"https:\/\/liquidstone.mx\/index.php\/wp-json\/wp\/v2\/pages\/10\/revisions"}],"predecessor-version":[{"id":205,"href":"https:\/\/liquidstone.mx\/index.php\/wp-json\/wp\/v2\/pages\/10\/revisions\/205"}],"wp:attachment":[{"href":"https:\/\/liquidstone.mx\/index.php\/wp-json\/wp\/v2\/media?parent=10"}],"curies":[{"name":"wp","href":"https:\/\/api.w.org\/{rel}","templated":true}]}}